{"id":7100,"date":"2022-06-30T11:39:37","date_gmt":"2022-06-30T08:39:37","guid":{"rendered":"https:\/\/tgd.org.tr\/past-boards-of-directors\/"},"modified":"2026-04-24T00:04:41","modified_gmt":"2026-04-23T21:04:41","slug":"past-boards-of-directors","status":"publish","type":"page","link":"https:\/\/tgd.org.tr\/en\/past-boards-of-directors\/","title":{"rendered":"Past Boards of Directors"},"content":{"rendered":"","protected":false},"excerpt":{"rendered":"","protected":false},"author":1,"featured_media":0,"parent":0,"menu_order":29,"comment_status":"closed","ping_status":"closed","template":"page-eskiyonetim.php","meta":{"_acf_changed":false,"inline_featured_image":false,"footnotes":""},"class_list":["post-7100","page","type-page","status-publish","hentry"],"acf":{"yillar":[{"yil":"2025-2023","donem":"20th Term","yonetim":[{"baslik":"President:","detay":"<h1>Prof. Dr. Mehmet C\u0130NDORUK<\/h1>\n<h2>Gazi University Faculty of Medicine, Department of Gastroenterology<\/h2>\n<h3>\u2022 Ankara<\/h3>\n"},{"baslik":"Vice President: President ","detay":"<h1>Prof. Dr. M\u00fcjde SOYT\u00dcRK<\/h1>\n<h2>Dokuz Eyl\u00fcl University Faculty of Medicine, Department of Gastroenterology<\/h2>\n<h3>\u2022 Izmir<\/h3>\n"},{"baslik":"Secretary General:","detay":"<h1>Prof. Dr. Ayhan Hilmi \u00c7EK\u0130N<\/h1>\n<h2>Health Sciences University Antalya Training and Research Hospital, Department of Gastroenterology<\/h2>\n<h3>\u2022 Antalya<\/h3>\n"},{"baslik":"Treasurer:","detay":"<h1>Prof. Dr. Meral AKDO\u011eAN KAYHAN<\/h1>\n<h2>SB\u00dc Department of Internal Medicine, Ankara City Hospital, Gastroenterology Clinic<\/h2>\n<h3>\u2022 Ankara<\/h3>\n"},{"baslik":"Principal Member:","detay":"<h1>Prof. Dr. Y\u00fcksel SE\u00c7K\u0130N<\/h1>\n<h2>\u0130n\u00f6n\u00fc University Turgut \u00d6zal Medical Center, Gastroenterology Clinic<\/h2>\n<h3>\u2022 Malatya<\/h3>\n"},{"baslik":"Principal Member:","detay":"<h1>Prof. Dr. Yusuf Ziya ERZ\u0130N<\/h1>\n<h2>Istanbul University Cerrahpa\u015fa Faculty of Medicine, Department of Gastroenterology<\/h2>\n<h3>\u2022 Istanbul<\/h3>\n"},{"baslik":"Principal Member:","detay":"<h1>Prof. Dr. Abdullah Emre YILDIRIM<\/h1>\n<h2>Memorial Bah\u00e7elievler Hospital, Gastroenterology Clinic<\/h2>\n<h3>\u2022 Istanbul<\/h3>\n"}]},{"yil":"2023-2021","donem":"19th Term","yonetim":[{"baslik":"President:","detay":"<h1>Prof. Dr. Dilek O\u011eUZ<\/h1>\n<h2>Y\u00fcksek \u0130htisas University Faculty of Medicine, Department of Gastroenterology<\/h2>\n<h3>\u2022 Ankara<\/h3>\n"},{"baslik":"Vice President: ","detay":"<h1>Prof. Dr. Mehmet C\u0130NDORUK<\/h1>\n<h2>Gazi University Faculty of Medicine, Department of Gastroenterology<\/h2>\n<h3>\u2022 Ankara<\/h3>\n"},{"baslik":"Secretary General:","detay":"<h1>Prof. Dr. Ayhan Hilmi \u00c7EK\u0130N<\/h1>\n<h2>Health Sciences University Antalya Training and Research Hospital, Department of Gastroenterology<\/h2>\n<h3>\u2022 Antalya<\/h3>\n"},{"baslik":"Treasurer:","detay":"<h1>Prof. Dr. M\u00fcjde SOYT\u00dcRK<\/h1>\n<h2>Dokuz Eyl\u00fcl University Faculty of Medicine, Department of Gastroenterology<\/h2>\n<h3>\u2022 Izmir<\/h3>\n"},{"baslik":"Principal Member:","detay":"<h1>Prof. Dr. Meral AKDO\u011eAN KAYHAN<\/h1>\n<h2>SB\u00dc Department of Internal Medicine, Ankara City Hospital, Gastroenterology Clinic<\/h2>\n<h3>\u2022 Ankara<\/h3>\n"},{"baslik":"Principal Member:","detay":"<h1>Prof. Dr. Canan ALKIM<\/h1>\n<h2>SB\u00dc \u015ei\u015fli Hamidiye Etfal Training and Research Hospital, Gastroenterology Clinic<\/h2>\n<h3>\u2022 Istanbul<\/h3>\n"},{"baslik":"Principal Member:","detay":"<h1>Prof. Dr. Yusuf Ziya ERZ\u0130N<\/h1>\n<h2>Istanbul University Cerrahpa\u015fa Faculty of Medicine, Department of Gastroenterology<\/h2>\n<h3>\u2022 Istanbul<\/h3>\n"}]},{"yil":"2021-2019","donem":"18th Term","yonetim":[{"baslik":"President:","detay":"<h1>Prof. Dr. Birol \u00d6ZER<\/h1>\n<h2>Ba\u015fkent University Faculty of Medicine <\/h2>\n<h3>\u2022 Adana<\/h3>\n"},{"baslik":"Vice President: ","detay":"<h1>Prof. Dr. Kadir BAL<\/h1>\n<h2>Istanbul University Cerrahpa\u015fa Faculty of Medicine <\/h2>\n<h3>\u2022 Istanbul<\/h3>\n"},{"baslik":"Secretary General:","detay":"<h1>Prof. Dr. Dilek O\u011eUZ<\/h1>\n<h2>K\u0131r\u0131kkale University Faculty of Medicine <\/h2>\n<h3>\u2022 K\u0131r\u0131kkale<\/h3>\n"},{"baslik":"Treasurer:","detay":"<h1>Prof. Dr. Orhan SEZG\u0130N<\/h1>\n<h2>Mersin University Faculty of Medicine <\/h2>\n<h3>\u2022 Mersin<\/h3>\n"},{"baslik":"Principal Member:","detay":"<h1>Prof. Dr. Filiz AKY\u00dcZ<\/h1>\n<h2>Istanbul University Istanbul Faculty of Medicine <\/h2>\n<h3>\u2022 Istanbul<\/h3>\n"},{"baslik":"Principal Member:","detay":"<h1>Prof. Dr. Mehmet C\u0130NDORUK<\/h1>\n<h2>Gazi University Faculty of Medicine <\/h2>\n<h3>\u2022 Ankara<\/h3>\n"},{"baslik":"Principal Member:","detay":"<h1>Prof. Dr. M\u00fcjde SOYT\u00dcRK<\/h1>\n<h2>Dokuz Eyl\u00fcl University Faculty of Medicine<\/h2>\n<h3>\u2022 Izmir<\/h3>\n"},{"baslik":"Audit Committee Members:","detay":"<h1>Prof. Dr. Erkan PARLAK<\/h1>\n<h1>Prof. Dr. Sabahattin KAYMAKO\u011eLU<\/h1>\n<h1>Prof. Dr. Ahmet Sedat BOYACIO\u011eLU<\/h1>\n"},{"baslik":"Disciplinary Committee Members:","detay":"<h1>Prof. Dr. Belk\u0131s \u00dcNSAL<\/h1>\n<h1>Prof. Dr. Orhan \u00d6ZG\u00dcR<\/h1>\n<h1>Prof. Dr. Zeynel MUNGAN<\/h1>\n"}]},{"yil":"2019-2017","donem":"17th Term","yonetim":[{"baslik":"President:","detay":"<h1>Serhat BOR<\/h1>\n"},{"baslik":"Vice President: ","detay":"<h1>Kadir BAL<\/h1>\n"},{"baslik":"Secretary General:","detay":"<h1>Murat T\u00d6R\u00dcNER<\/h1>\n"},{"baslik":"Treasurer:","detay":"<h1>Orhan SEZG\u0130N<\/h1>\n"},{"baslik":"Members:","detay":"<h1>Hale AKPINAR<\/h1>\n<h1>Filiz AKY\u00dcZ<\/h1>\n<h1>Dilek O\u011eUZ<\/h1>\n"}]},{"yil":"2017-2015","donem":"16th Term","yonetim":[{"baslik":"President:","detay":"<h1>Serhat BOR<\/h1>\n"},{"baslik":"Vice President: ","detay":"<h1>Kadir BAL<\/h1>\n"},{"baslik":"Secretary General:","detay":"<h1>Birol \u00d6ZER<\/h1>\n"},{"baslik":"Treasurer:","detay":"<h1>Orhan SEZG\u0130N<\/h1>\n"},{"baslik":"Members:","detay":"<h1>Hale AKPINAR<\/h1>\n<h1>Murat T\u00d6R\u00dcNER<\/h1>\n<h1>Necati \u00d6RMEC\u0130<\/h1>\n"},{"baslik":"Chairman of the Audit Committee:","detay":"<h1> Ahmet Sedat BOYACIO\u011eLU<\/h1>\n"},{"baslik":"Audit Committee Members:","detay":"<h1>Vedat G\u00d6RAL<\/h1>\n<h1>Yusuf BAYRAKTAR<\/h1>\n"}]},{"yil":"2015-2013","donem":"15th Term","yonetim":[{"baslik":"President:","detay":"<h1>Necati \u00d6RMEC\u0130<\/h1>\n"},{"baslik":"Vice President: ","detay":"<h1>Hakan \u015eENT\u00dcRK<\/h1>\n"},{"baslik":"Secretary General:","detay":"<h1>Ahmet BEKTA\u015e<\/h1>\n"},{"baslik":"Treasurer:","detay":"<h1>Emrah ALPER<\/h1>\n"},{"baslik":"Members:","detay":"<h1>\u0130brahim Halil BAH\u00c7EC\u0130O\u011eLU<\/h1>\n<h1>Birol \u00d6ZER<\/h1>\n<h1>Erkan PARLAK<\/h1>\n"},{"baslik":"Chairman of the Audit Committee:","detay":"<h1>A. A. Sedat BOYACIO\u011eLU<\/h1>\n"},{"baslik":"Audit Committee Members:","detay":"<h1> \u0130.Safa YILDIRIM<\/h1>\n<h1>Abdurrahman KADAYIF\u00c7I<\/h1>\n"}]},{"yil":"2013-2011","donem":"14th Term","yonetim":[{"baslik":"President:","detay":"<h1>A. Nurdan T\u00d6Z\u00dcN<\/h1>\n"},{"baslik":"Vice President: ","detay":"<h1>A. \u00d6mer \u00d6Z\u00dcTEM\u0130Z<\/h1>\n"},{"baslik":"Secretary General:","detay":"<h1>Abdullah SONSUZ<\/h1>\n"},{"baslik":"Treasurer:","detay":"<h1>Erkan PARLAK<\/h1>\n"},{"baslik":"Members:","detay":"<h1>Sabahattin KAYMAKO\u011eLU<\/h1>\n<h1>\u0130brahim Halil BAH\u00c7EC\u0130O\u011eLU<\/h1>\n<h1>Ahmet BEKTA\u015e<\/h1>\n"},{"baslik":"Chairman of the Audit Committee:","detay":"<h1> H\u00fclya \u00c7ET\u0130NKAYA<\/h1>\n"},{"baslik":"Audit Committee Members:","detay":"<h1>Mehmet C\u0130NDORUK<\/h1>\n<h1>Kubilay \u00c7INAR<\/h1>\n"}]},{"yil":"2011-2009","donem":"13th Term","yonetim":[{"baslik":"President:","detay":"<h1>A.\u00d6mer \u00d6Z\u00dcTEM\u0130Z<\/h1>\n"},{"baslik":"Vice President: ","detay":"<h1>Cem KALAYCI<\/h1>\n"},{"baslik":"Secretary General:","detay":"<h1>Hale AKPINAR<\/h1>\n"},{"baslik":"Treasurer:","detay":"<h1>Erkan PARLAK<\/h1>\n"},{"baslik":"Members:","detay":"<h1>Sabahattin KAYMAKO\u011eLU<\/h1>\n<h1>Cihan YURDAYDIN<\/h1>\n<h1>Hakan \u015eENT\u00dcRK<\/h1>\n"},{"baslik":"Chairman of the Audit Committee:","detay":"<h1>Burhan KAYHAN<\/h1>\n"},{"baslik":"Audit Committee Members:","detay":"<h1>Vedat G\u00d6RAL<\/h1>\n<h1>H\u00fclya \u00c7ET\u0130NKAYA<\/h1>\n"}]},{"yil":"2009-2007","donem":"12th Term","yonetim":[{"baslik":"President:","detay":"<h1>A. \u00d6mer \u00d6Z\u00dcTEM\u0130Z<\/h1>\n"},{"baslik":"Vice President: ","detay":"<h1>Y\u0131lmaz \u00c7AKALO\u011eLU<\/h1>\n"},{"baslik":"Secretary General:","detay":"<h1>A. Sedat BOYACIO\u011eLU<\/h1>\n"},{"baslik":"Treasurer:","detay":"<h1>Erkan PARLAK<\/h1>\n"},{"baslik":"Members:","detay":"<h1>Cihan YURDAYDIN<\/h1>\n<h1>Hakan \u015eENT\u00dcRK<\/h1>\n<h1>Arif ACAR<\/h1>\n"},{"baslik":"Chairman of the Audit Committee:","detay":"<h1>Vedat G\u00d6RAL<\/h1>\n"},{"baslik":"Audit Committee Members:","detay":"<h1>A. Sedat BOYACIO\u011eLU<\/h1>\n<h1>H\u00fclya \u00c7ET\u0130NKAYA<\/h1>\n"}]},{"yil":"2007-2005","donem":"11th Term","yonetim":[{"baslik":"President:","detay":"<h1>A. Sedat BOYACIO\u011eLU<\/h1>\n"},{"baslik":"Vice President: ","detay":"<h1>Hakan \u015eENT\u00dcRK<\/h1>\n"},{"baslik":"Secretary General:","detay":"<h1>Cihan YURDAYDIN<\/h1>\n"},{"baslik":"Treasurer:","detay":"<h1>Erkan PARLAK<\/h1>\n"},{"baslik":"Members:","detay":"<h1>A. \u00d6mer \u00d6Z\u00dcTEM\u0130Z<\/h1>\n<h1>\u00d6mer \u00d6ZBAKIR<\/h1>\n<h1>B\u00fclent S\u0130VR\u0130<\/h1>\n"},{"baslik":"Chairman of the Audit Committee:","detay":"<h1>H\u00fclya \u00c7ET\u0130NKAYA<\/h1>\n"},{"baslik":"Audit Committee Members:","detay":"<h1>Yusuf BAYRAKTAR<\/h1>\n<h1>\u0130.Safa YILDIRIM<\/h1>\n"}]},{"yil":"2005-2003","donem":"10th Term","yonetim":[{"baslik":"President:","detay":"<h1>A. Sedat BOYACIO\u011eLU<\/h1>\n"},{"baslik":"Vice President: ","detay":"<h1>A. Nurdan T\u00d6Z\u00dcN<\/h1>\n"},{"baslik":"Secretary General:","detay":"<h1>Cihan YURDAYDIN<\/h1>\n"},{"baslik":"Treasurer:","detay":"<h1>Erkan PARLAK<\/h1>\n"},{"baslik":"Cashier:","detay":"<h1>A. \u00d6mer \u00d6Z\u00dcTEM\u0130Z<\/h1>\n"},{"baslik":"Members:","detay":"<h1>\u0130lkay \u015e\u0130M\u015eEK<\/h1>\n<h1>S. Fatih BE\u015eI\u015eIK<\/h1>\n"},{"baslik":"Chairman of the Audit Committee:","detay":"<h1>\u0130. Safa YILDIRIM <\/h1>\n"},{"baslik":"Audit Committee Members:","detay":"<h1>H\u00fclya \u00c7ET\u0130NKAYA<\/h1>\n<h1>Dilek O\u011eUZ<\/h1>\n"}]},{"yil":"2003-2001","donem":"9th Term","yonetim":[{"baslik":"President:","detay":"<h1>Cihan YURDAYDIN<\/h1>\n"},{"baslik":"Vice President: ","detay":"<h1>A. Nurdan T\u00d6Z\u00dcN<\/h1>\n"},{"baslik":"Secretary General:","detay":"<h1>A. Sedat BOYACIO\u011eLU<\/h1>\n"},{"baslik":"Treasurer:","detay":"<h1>U\u011fur YILMAZ<\/h1>\n"},{"baslik":"Cashier:","detay":"<h1>A. \u00d6mer \u00d6Z\u00dcTEM\u0130Z<\/h1>\n"},{"baslik":"Members:","detay":"<h1>\u0130lkay \u015e\u0130M\u015eEK<\/h1>\n<h1>Fahri I\u015eITAN<\/h1>\n"},{"baslik":"Chairman of the Audit Committee:","detay":"<h1>\u0130. Safa YILDIRIM <\/h1>\n"},{"baslik":"Audit Committee Members:","detay":"<h1>Y\u0131ld\u0131ran SONG\u00dcR<\/h1>\n<h1>Aysel \u00dcLKER<\/h1>\n"}]},{"yil":"2001-1999","donem":"8th Term","yonetim":[{"baslik":"President:","detay":"<h1>Cihan YURDAYDIN<\/h1>\n"},{"baslik":"Vice President: ","detay":"<h1>A. Nurdan T\u00d6Z\u00dcN<\/h1>\n"},{"baslik":"Secretary General:","detay":"<h1>A. Sedat BOYACIO\u011eLU<\/h1>\n"},{"baslik":"Treasurer:","detay":"<h1>U\u011fur YILMAZ<\/h1>\n"},{"baslik":"Cashier:","detay":"<h1>A. \u00d6mer \u00d6Z\u00dcTEM\u0130Z<\/h1>\n"},{"baslik":"Members:","detay":"<h1>S. Fatih BE\u015eI\u015eIK<\/h1>\n<h1>Fahri I\u015eITAN<\/h1>\n<h1><\/h1>\n"},{"baslik":"Chairman of the Audit Committee:","detay":"<h1> Yusuf BAYRAKTAR<\/h1>\n"},{"baslik":"Audit Committee Members:","detay":"<h1>\u0130lker G\u00d6K\u00c7E<\/h1>\n<h1>Serap ASLAN<\/h1>\n"}]},{"yil":"1999-1997","donem":"7th Term","yonetim":[{"baslik":"President:","detay":"<h1>Burhan \u015eAH\u0130N<\/h1>\n"},{"baslik":"Vice President: ","detay":"<h1>Ali \u00d6ZDEN<\/h1>\n"},{"baslik":"Secretary General:","detay":"<h1>Selahattin \u00dcNAL<\/h1>\n"},{"baslik":"Treasurer:","detay":"<h1>A. Sedat BOYACIO\u011eLU<\/h1>\n"},{"baslik":"Cashier:","detay":"<h1>B\u00fclent S\u0130VR\u0130<\/h1>\n"},{"baslik":"Members:","detay":"<h1>Atilla \u00d6KTEN<\/h1>\n<h1>Tankut \u0130LTER<\/h1>\n"}]},{"yil":"1997-1995","donem":"6th Term","yonetim":[{"baslik":"President:","detay":"<h1>Ali \u00d6ZDEN<\/h1>\n"},{"baslik":"Vice President: ","detay":"<h1>Burhan \u015eAH\u0130N<\/h1>\n"},{"baslik":"Secretary General:","detay":"<h1>Selahattin \u00dcNAL<\/h1>\n"},{"baslik":"Treasurer:","detay":"<h1>A. Sedat BOYACIO\u011eLU<\/h1>\n"},{"baslik":"Cashier:","detay":"<h1>Abd\u00fclkadir D\u00d6KMEC\u0130<\/h1>\n"},{"baslik":"Chairman of the Audit Committee:","detay":"<h1>\u0130smet YILMAZER<\/h1>\n"},{"baslik":"Audit Committee Members:","detay":"<h1>\u0130lker G\u00d6K\u00c7E<\/h1>\n<h1>Tankut \u0130LTER<\/h1>\n"}]},{"yil":"1995-1993","donem":"5th Term","yonetim":[{"baslik":"President:","detay":"<h1>M. \u0130smet YILMAZER<\/h1>\n"},{"baslik":"Vice President: ","detay":"<h1>Burhan KAYHAN<\/h1>\n"},{"baslik":"Secretary General:","detay":"<h1>Ali \u00d6ZDEN<\/h1>\n"},{"baslik":"Treasurer:","detay":"<h1>Burhan \u015eAH\u0130N<\/h1>\n"},{"baslik":"Cashier:","detay":"<h1>Abd\u00fclkadir D\u00d6KMEC\u0130<\/h1>\n"}]},{"yil":"1993-1991","donem":"4th Term","yonetim":[{"baslik":"President:","detay":"<h1>M. \u0130smet YILMAZER<\/h1>\n"},{"baslik":"Vice President: ","detay":"<h1>Mehmet HABERAL<\/h1>\n"},{"baslik":"Secretary General:","detay":"<h1>Burhan KAYHAN<\/h1>\n"},{"baslik":"Treasurer:","detay":"<h1>Ali \u00d6ZDEN<\/h1>\n"},{"baslik":"Cashier:","detay":"<h1>Burhan \u015eAH\u0130N<\/h1>\n"}]},{"yil":"1991-1989","donem":"3rd Term","yonetim":[{"baslik":"President:","detay":"<h1>Erc\u00fcment PALABIYIKO\u011eLU<\/h1>\n"},{"baslik":"Vice President: ","detay":"<h1>Hasan TELATAR<\/h1>\n"},{"baslik":"Secretary General:","detay":"<h1>Nihat S\u0130PAH\u0130<\/h1>\n"},{"baslik":"Treasurer:","detay":"<h1>Burhan KAYHAN<\/h1>\n"},{"baslik":"Cashier:","detay":"<h1>Burhan \u015eAH\u0130N<\/h1>\n"}]},{"yil":"1989-1987","donem":"2nd Term","yonetim":[{"baslik":"President:","detay":"<h1>Erc\u00fcment PALABIYIKO\u011eLU<\/h1>\n"},{"baslik":"Vice President: ","detay":"<h1>Hasan TELATAR<\/h1>\n"},{"baslik":"Secretary General:","detay":"<h1>Nihat S\u0130PAH\u0130<\/h1>\n"},{"baslik":"Treasurer:","detay":"<h1>Leziz ONARAN<\/h1>\n"},{"baslik":"Cashier:","detay":"<h1>U\u011fur KAND\u0130LC\u0130<\/h1>\n"}]},{"yil":"1987-1986","donem":"1st Term","yonetim":[{"baslik":"President:","detay":"<h1>Zafer PAYKO\u00c7<\/h1>\n"},{"baslik":"Vice President: ","detay":"<h1>Hasan TELATAR<\/h1>\n"},{"baslik":"Secretary General:","detay":"<h1>Nihat S\u0130PAH\u0130<\/h1>\n"},{"baslik":"Treasurer:","detay":"<h1>\u015e\u00fckran KARACADA\u011e<\/h1>\n"},{"baslik":"Cashier:","detay":"<h1>\u0130. Safa YILDIRIM <\/h1>\n"}]}]},"yoast_head":"<!-- This site is optimized with the Yoast SEO plugin v27.4 - https:\/\/yoast.com\/product\/yoast-seo-wordpress\/ -->\n<title>Past Boards of Directors - TGD<\/title>\n<meta name=\"description\" content=\"You can view the members of the T\u00fcrk Gastroenteroloji Derne\u011fi&#039;s Past Boards of Directors on our page.\" \/>\n<meta name=\"robots\" content=\"index, follow, max-snippet:-1, max-image-preview:large, max-video-preview:-1\" \/>\n<link rel=\"canonical\" href=\"https:\/\/tgd.org.tr\/en\/past-boards-of-directors\/\" \/>\n<meta property=\"og:locale\" content=\"en_US\" \/>\n<meta property=\"og:type\" content=\"article\" \/>\n<meta property=\"og:title\" content=\"Past Boards of Directors - TGD\" \/>\n<meta property=\"og:description\" content=\"You can view the members of the T\u00fcrk Gastroenteroloji Derne\u011fi&#039;s Past Boards of Directors on our page.\" \/>\n<meta property=\"og:url\" content=\"https:\/\/tgd.org.tr\/en\/past-boards-of-directors\/\" \/>\n<meta property=\"og:site_name\" content=\"TGD\" \/>\n<meta property=\"article:modified_time\" content=\"2026-04-23T21:04:41+00:00\" \/>\n<meta name=\"twitter:card\" content=\"summary_large_image\" \/>\n<script type=\"application\/ld+json\" class=\"yoast-schema-graph\">{\"@context\":\"https:\\\/\\\/schema.org\",\"@graph\":[{\"@type\":\"WebPage\",\"@id\":\"https:\\\/\\\/tgd.org.tr\\\/en\\\/past-boards-of-directors\\\/\",\"url\":\"https:\\\/\\\/tgd.org.tr\\\/en\\\/past-boards-of-directors\\\/\",\"name\":\"Past Boards of Directors - TGD\",\"isPartOf\":{\"@id\":\"https:\\\/\\\/tgd.org.tr\\\/#website\"},\"datePublished\":\"2022-06-30T08:39:37+00:00\",\"dateModified\":\"2026-04-23T21:04:41+00:00\",\"description\":\"You can view the members of the T\u00fcrk Gastroenteroloji Derne\u011fi's Past Boards of Directors on our page.\",\"breadcrumb\":{\"@id\":\"https:\\\/\\\/tgd.org.tr\\\/en\\\/past-boards-of-directors\\\/#breadcrumb\"},\"inLanguage\":\"en-US\",\"potentialAction\":[{\"@type\":\"ReadAction\",\"target\":[\"https:\\\/\\\/tgd.org.tr\\\/en\\\/past-boards-of-directors\\\/\"]}]},{\"@type\":\"BreadcrumbList\",\"@id\":\"https:\\\/\\\/tgd.org.tr\\\/en\\\/past-boards-of-directors\\\/#breadcrumb\",\"itemListElement\":[{\"@type\":\"ListItem\",\"position\":1,\"name\":\"Homepage\",\"item\":\"https:\\\/\\\/tgd.org.tr\\\/en\\\/homepage\\\/\"},{\"@type\":\"ListItem\",\"position\":2,\"name\":\"Past Boards of Directors\"}]},{\"@type\":\"WebSite\",\"@id\":\"https:\\\/\\\/tgd.org.tr\\\/#website\",\"url\":\"https:\\\/\\\/tgd.org.tr\\\/\",\"name\":\"TGD\",\"description\":\"\",\"potentialAction\":[{\"@type\":\"SearchAction\",\"target\":{\"@type\":\"EntryPoint\",\"urlTemplate\":\"https:\\\/\\\/tgd.org.tr\\\/?s={search_term_string}\"},\"query-input\":{\"@type\":\"PropertyValueSpecification\",\"valueRequired\":true,\"valueName\":\"search_term_string\"}}],\"inLanguage\":\"en-US\"}]}<\/script>\n<!-- \/ Yoast SEO plugin. -->","yoast_head_json":{"title":"Past Boards of Directors - TGD","description":"You can view the members of the T\u00fcrk Gastroenteroloji Derne\u011fi's Past Boards of Directors on our page.","robots":{"index":"index","follow":"follow","max-snippet":"max-snippet:-1","max-image-preview":"max-image-preview:large","max-video-preview":"max-video-preview:-1"},"canonical":"https:\/\/tgd.org.tr\/en\/past-boards-of-directors\/","og_locale":"en_US","og_type":"article","og_title":"Past Boards of Directors - TGD","og_description":"You can view the members of the T\u00fcrk Gastroenteroloji Derne\u011fi's Past Boards of Directors on our page.","og_url":"https:\/\/tgd.org.tr\/en\/past-boards-of-directors\/","og_site_name":"TGD","article_modified_time":"2026-04-23T21:04:41+00:00","twitter_card":"summary_large_image","schema":{"@context":"https:\/\/schema.org","@graph":[{"@type":"WebPage","@id":"https:\/\/tgd.org.tr\/en\/past-boards-of-directors\/","url":"https:\/\/tgd.org.tr\/en\/past-boards-of-directors\/","name":"Past Boards of Directors - TGD","isPartOf":{"@id":"https:\/\/tgd.org.tr\/#website"},"datePublished":"2022-06-30T08:39:37+00:00","dateModified":"2026-04-23T21:04:41+00:00","description":"You can view the members of the T\u00fcrk Gastroenteroloji Derne\u011fi's Past Boards of Directors on our page.","breadcrumb":{"@id":"https:\/\/tgd.org.tr\/en\/past-boards-of-directors\/#breadcrumb"},"inLanguage":"en-US","potentialAction":[{"@type":"ReadAction","target":["https:\/\/tgd.org.tr\/en\/past-boards-of-directors\/"]}]},{"@type":"BreadcrumbList","@id":"https:\/\/tgd.org.tr\/en\/past-boards-of-directors\/#breadcrumb","itemListElement":[{"@type":"ListItem","position":1,"name":"Homepage","item":"https:\/\/tgd.org.tr\/en\/homepage\/"},{"@type":"ListItem","position":2,"name":"Past Boards of Directors"}]},{"@type":"WebSite","@id":"https:\/\/tgd.org.tr\/#website","url":"https:\/\/tgd.org.tr\/","name":"TGD","description":"","potentialAction":[{"@type":"SearchAction","target":{"@type":"EntryPoint","urlTemplate":"https:\/\/tgd.org.tr\/?s={search_term_string}"},"query-input":{"@type":"PropertyValueSpecification","valueRequired":true,"valueName":"search_term_string"}}],"inLanguage":"en-US"}]}},"_links":{"self":[{"href":"https:\/\/tgd.org.tr\/en\/wp-json\/wp\/v2\/pages\/7100","targetHints":{"allow":["GET"]}}],"collection":[{"href":"https:\/\/tgd.org.tr\/en\/wp-json\/wp\/v2\/pages"}],"about":[{"href":"https:\/\/tgd.org.tr\/en\/wp-json\/wp\/v2\/types\/page"}],"author":[{"embeddable":true,"href":"https:\/\/tgd.org.tr\/en\/wp-json\/wp\/v2\/users\/1"}],"replies":[{"embeddable":true,"href":"https:\/\/tgd.org.tr\/en\/wp-json\/wp\/v2\/comments?post=7100"}],"version-history":[{"count":1,"href":"https:\/\/tgd.org.tr\/en\/wp-json\/wp\/v2\/pages\/7100\/revisions"}],"predecessor-version":[{"id":7272,"href":"https:\/\/tgd.org.tr\/en\/wp-json\/wp\/v2\/pages\/7100\/revisions\/7272"}],"wp:attachment":[{"href":"https:\/\/tgd.org.tr\/en\/wp-json\/wp\/v2\/media?parent=7100"}],"curies":[{"name":"wp","href":"https:\/\/api.w.org\/{rel}","templated":true}]}}