{"id":7122,"date":"2022-06-30T11:51:19","date_gmt":"2022-06-30T08:51:19","guid":{"rendered":"https:\/\/tgd.org.tr\/branches\/"},"modified":"2026-04-24T00:05:59","modified_gmt":"2026-04-23T21:05:59","slug":"branches","status":"publish","type":"page","link":"https:\/\/tgd.org.tr\/en\/branches\/","title":{"rendered":"Branches"},"content":{"rendered":"","protected":false},"excerpt":{"rendered":"","protected":false},"author":1,"featured_media":0,"parent":0,"menu_order":90,"comment_status":"closed","ping_status":"closed","template":"page-subeler.php","meta":{"_acf_changed":false,"inline_featured_image":false,"footnotes":""},"class_list":["post-7122","page","type-page","status-publish","hentry"],"acf":{"subeler":[{"baslik":"Ankara Branch","yil":"25.01.1996","adres":"Mustafa Kemal Mah. 2126. Sk. No:6 C Blok D: 9 (Kolbay \u0130\u015f Merkezi) \u00c7ankaya Ankara ","tel":"","faks":"","eposta":"","web":""},{"baslik":"Antalya Branch","yil":"15.02.1994","adres":"Do\u011fuyaka Mah. 1219 Sokak Kap\u0131 No:9B Abdullah Sevim \u00c7ok Sivil Toplum B Blok Muratpa\u015fa Antalya ","tel":"","faks":"","eposta":"","web":"http:\/\/tgdantalya.org\/"},{"baslik":"\u00c7ukurova Branch","yil":"14.02.1996","adres":"\u00c7\u0131narl\u0131 Mah. Atat\u00fcrk Kemal \u00d6z\u00fclk\u00fc \u0130\u015f Merkezi Sitesi No:23 K:1 Seyhan Adana ","tel":"","faks":"","eposta":"","web":""},{"baslik":"Diyarbak\u0131r Branch","yil":"25.09.2018","adres":"K\u0131t\u0131lb\u0131l Mah. Silvan Dicle Vadi Evleri Sitesi No:134 Sur Diyarbak\u0131r ","tel":"","faks":"","eposta":"","web":""},{"baslik":"Istanbul Branch","yil":"04.11.1983","adres":"Vali Kona\u011f\u0131 Cad. Bizim Apt. No:8\/1 \u015ei\u015fli \u0130stanbul  ","tel":"","faks":"","eposta":"","web":"http:\/\/www.gastroenterolojiist.org"},{"baslik":"Izmir Branch","yil":"26.06.1986","adres":"Ziya G\u00f6kalp Bulvar\u0131 No:5 D:2 K\u0131smet Apt. Alsancak \u0130zmir ","tel":"","faks":"","eposta":"","web":"https:\/\/www.gastroizmir.org\/"},{"baslik":"Kayseri Branch","yil":"18.07.1996","adres":"Millet Cad. Belediye \u0130\u015f Merkezi Kat:6\/601 Melikgazi Kayseri ","tel":"","faks":"","eposta":"","web":""},{"baslik":"Kocaeli Branch","yil":"12.07.1999","adres":"\u0130stiklal Belsa Plaza \u0130\u015f Merkezi \u0130zmit Kocaeli","tel":"","faks":"","eposta":"","web":""}]},"yoast_head":"<!-- This site is optimized with the Yoast SEO plugin v27.4 - https:\/\/yoast.com\/product\/yoast-seo-wordpress\/ -->\n<title>Branches - TGD<\/title>\n<meta name=\"description\" content=\"T\u00fcrk Gastroenteroloji Derne\u011fi is present and accessible through its branches in major city centers across Turkey. Here are our branches and their locations.\" \/>\n<meta name=\"robots\" content=\"index, follow, max-snippet:-1, max-image-preview:large, max-video-preview:-1\" \/>\n<link rel=\"canonical\" href=\"https:\/\/tgd.org.tr\/en\/branches\/\" \/>\n<meta property=\"og:locale\" content=\"en_US\" \/>\n<meta property=\"og:type\" content=\"article\" \/>\n<meta property=\"og:title\" content=\"Branches - TGD\" \/>\n<meta property=\"og:description\" content=\"T\u00fcrk Gastroenteroloji Derne\u011fi is present and accessible through its branches in major city centers across Turkey. Here are our branches and their locations.\" \/>\n<meta property=\"og:url\" content=\"https:\/\/tgd.org.tr\/en\/branches\/\" \/>\n<meta property=\"og:site_name\" content=\"TGD\" \/>\n<meta property=\"article:modified_time\" content=\"2026-04-23T21:05:59+00:00\" \/>\n<meta name=\"twitter:card\" content=\"summary_large_image\" \/>\n<script type=\"application\/ld+json\" class=\"yoast-schema-graph\">{\"@context\":\"https:\\\/\\\/schema.org\",\"@graph\":[{\"@type\":\"WebPage\",\"@id\":\"https:\\\/\\\/tgd.org.tr\\\/en\\\/branches\\\/\",\"url\":\"https:\\\/\\\/tgd.org.tr\\\/en\\\/branches\\\/\",\"name\":\"Branches - TGD\",\"isPartOf\":{\"@id\":\"https:\\\/\\\/tgd.org.tr\\\/#website\"},\"datePublished\":\"2022-06-30T08:51:19+00:00\",\"dateModified\":\"2026-04-23T21:05:59+00:00\",\"description\":\"T\u00fcrk Gastroenteroloji Derne\u011fi is present and accessible through its branches in major city centers across Turkey. Here are our branches and their locations.\",\"breadcrumb\":{\"@id\":\"https:\\\/\\\/tgd.org.tr\\\/en\\\/branches\\\/#breadcrumb\"},\"inLanguage\":\"en-US\",\"potentialAction\":[{\"@type\":\"ReadAction\",\"target\":[\"https:\\\/\\\/tgd.org.tr\\\/en\\\/branches\\\/\"]}]},{\"@type\":\"BreadcrumbList\",\"@id\":\"https:\\\/\\\/tgd.org.tr\\\/en\\\/branches\\\/#breadcrumb\",\"itemListElement\":[{\"@type\":\"ListItem\",\"position\":1,\"name\":\"Homepage\",\"item\":\"https:\\\/\\\/tgd.org.tr\\\/en\\\/homepage\\\/\"},{\"@type\":\"ListItem\",\"position\":2,\"name\":\"Branches\"}]},{\"@type\":\"WebSite\",\"@id\":\"https:\\\/\\\/tgd.org.tr\\\/#website\",\"url\":\"https:\\\/\\\/tgd.org.tr\\\/\",\"name\":\"TGD\",\"description\":\"\",\"potentialAction\":[{\"@type\":\"SearchAction\",\"target\":{\"@type\":\"EntryPoint\",\"urlTemplate\":\"https:\\\/\\\/tgd.org.tr\\\/?s={search_term_string}\"},\"query-input\":{\"@type\":\"PropertyValueSpecification\",\"valueRequired\":true,\"valueName\":\"search_term_string\"}}],\"inLanguage\":\"en-US\"}]}<\/script>\n<!-- \/ Yoast SEO plugin. -->","yoast_head_json":{"title":"Branches - TGD","description":"T\u00fcrk Gastroenteroloji Derne\u011fi is present and accessible through its branches in major city centers across Turkey. Here are our branches and their locations.","robots":{"index":"index","follow":"follow","max-snippet":"max-snippet:-1","max-image-preview":"max-image-preview:large","max-video-preview":"max-video-preview:-1"},"canonical":"https:\/\/tgd.org.tr\/en\/branches\/","og_locale":"en_US","og_type":"article","og_title":"Branches - TGD","og_description":"T\u00fcrk Gastroenteroloji Derne\u011fi is present and accessible through its branches in major city centers across Turkey. Here are our branches and their locations.","og_url":"https:\/\/tgd.org.tr\/en\/branches\/","og_site_name":"TGD","article_modified_time":"2026-04-23T21:05:59+00:00","twitter_card":"summary_large_image","schema":{"@context":"https:\/\/schema.org","@graph":[{"@type":"WebPage","@id":"https:\/\/tgd.org.tr\/en\/branches\/","url":"https:\/\/tgd.org.tr\/en\/branches\/","name":"Branches - TGD","isPartOf":{"@id":"https:\/\/tgd.org.tr\/#website"},"datePublished":"2022-06-30T08:51:19+00:00","dateModified":"2026-04-23T21:05:59+00:00","description":"T\u00fcrk Gastroenteroloji Derne\u011fi is present and accessible through its branches in major city centers across Turkey. Here are our branches and their locations.","breadcrumb":{"@id":"https:\/\/tgd.org.tr\/en\/branches\/#breadcrumb"},"inLanguage":"en-US","potentialAction":[{"@type":"ReadAction","target":["https:\/\/tgd.org.tr\/en\/branches\/"]}]},{"@type":"BreadcrumbList","@id":"https:\/\/tgd.org.tr\/en\/branches\/#breadcrumb","itemListElement":[{"@type":"ListItem","position":1,"name":"Homepage","item":"https:\/\/tgd.org.tr\/en\/homepage\/"},{"@type":"ListItem","position":2,"name":"Branches"}]},{"@type":"WebSite","@id":"https:\/\/tgd.org.tr\/#website","url":"https:\/\/tgd.org.tr\/","name":"TGD","description":"","potentialAction":[{"@type":"SearchAction","target":{"@type":"EntryPoint","urlTemplate":"https:\/\/tgd.org.tr\/?s={search_term_string}"},"query-input":{"@type":"PropertyValueSpecification","valueRequired":true,"valueName":"search_term_string"}}],"inLanguage":"en-US"}]}},"_links":{"self":[{"href":"https:\/\/tgd.org.tr\/en\/wp-json\/wp\/v2\/pages\/7122","targetHints":{"allow":["GET"]}}],"collection":[{"href":"https:\/\/tgd.org.tr\/en\/wp-json\/wp\/v2\/pages"}],"about":[{"href":"https:\/\/tgd.org.tr\/en\/wp-json\/wp\/v2\/types\/page"}],"author":[{"embeddable":true,"href":"https:\/\/tgd.org.tr\/en\/wp-json\/wp\/v2\/users\/1"}],"replies":[{"embeddable":true,"href":"https:\/\/tgd.org.tr\/en\/wp-json\/wp\/v2\/comments?post=7122"}],"version-history":[{"count":1,"href":"https:\/\/tgd.org.tr\/en\/wp-json\/wp\/v2\/pages\/7122\/revisions"}],"predecessor-version":[{"id":7291,"href":"https:\/\/tgd.org.tr\/en\/wp-json\/wp\/v2\/pages\/7122\/revisions\/7291"}],"wp:attachment":[{"href":"https:\/\/tgd.org.tr\/en\/wp-json\/wp\/v2\/media?parent=7122"}],"curies":[{"name":"wp","href":"https:\/\/api.w.org\/{rel}","templated":true}]}}