{"id":7125,"date":"2022-06-30T11:24:47","date_gmt":"2022-06-30T08:24:47","guid":{"rendered":"https:\/\/tgd.org.tr\/board-of-directors\/"},"modified":"2026-04-24T00:05:58","modified_gmt":"2026-04-23T21:05:58","slug":"board-of-directors","status":"publish","type":"page","link":"https:\/\/tgd.org.tr\/en\/board-of-directors\/","title":{"rendered":"Board of Directors"},"content":{"rendered":"","protected":false},"excerpt":{"rendered":"","protected":false},"author":1,"featured_media":0,"parent":0,"menu_order":26,"comment_status":"closed","ping_status":"closed","template":"page-yonetimkurulu.php","meta":{"_acf_changed":false,"inline_featured_image":false,"footnotes":""},"class_list":["post-7125","page","type-page","status-publish","hentry"],"acf":{"gorsel":"https:\/\/tgd.org.tr\/wp-content\/uploads\/2022\/08\/Prof.-Dr.-Ayhan-Hilmi-C\u0327EKI\u0307N.jpg","yonetim_kurulu":[{"ad":"Prof. Dr. Y\u00fcksel SE\u00c7K\u0130N","unvan":"Vice President: President ","kurum":"\u2022 \u0130n\u00f6n\u00fc University Turgut \u00d6zal Medical Center, Gastroenterology Clinic","sehir":"\u2022 Malatya","mail":"yuksel_seckin@hotmail.com","linkedin":"","gorsel":"https:\/\/tgd.org.tr\/wp-content\/uploads\/2025\/12\/d.jpg"},{"ad":"Prof. Dr. Abdullah Emre YILDIRIM","unvan":"Secretary General:","kurum":"\u2022 Memorial Bah\u00e7elievler Hospital, Gastroenterology Clinic","sehir":"\u2022 Istanbul","mail":"aemreyildirim@tgd.org.tr","linkedin":"","gorsel":"https:\/\/tgd.org.tr\/wp-content\/uploads\/2023\/12\/Abdullah-Emre-YILDIRIM_2.jpg"},{"ad":"Prof. Dr. Fatih Tekin","unvan":"Treasurer","kurum":"\u2022 Ege University Faculty of Medicine Hospital, Department of Gastroenterology","sehir":"\u2022 Izmir","mail":"","linkedin":"","gorsel":"https:\/\/tgd.org.tr\/wp-content\/uploads\/2025\/11\/Prof.-Dr.-Fatih-Tekin.jpg"}],"asil_uyeler":[{"ad":"Prof. Dr. Tarkan Karakan","unvan":"Full Member","kurum":"\u2022 Gazi University Faculty of Medicine Hospital, Department of Gastroenterology","sehir":"\u2022 Ankara","mail":"","linkedin":"","gorsel":"https:\/\/tgd.org.tr\/wp-content\/uploads\/2025\/11\/Prof.-Dr.-Tarkan-Karakan.jpg"},{"ad":"Prof. Dr. \u00dcmit Aky\u00fcz","unvan":"Full Member","kurum":"\u2022 SB\u00dc Fatih Sultan Mehmet Training and Research Hospital, Gastroenterology Clinic","sehir":"\u2022 Istanbul","mail":"","linkedin":"","gorsel":"https:\/\/tgd.org.tr\/wp-content\/uploads\/2025\/11\/Prof.-Dr.-Umit-Akyuz.jpg"},{"ad":"Prof. Dr. Mahmut Y\u00fcksel","unvan":"Full Member","kurum":"\u2022 SB\u00dc Bilkent City Hospital, Gastroenterology Clinic","sehir":"\u2022 Ankara","mail":"","linkedin":"","gorsel":"https:\/\/tgd.org.tr\/wp-content\/uploads\/2025\/11\/Prof.-Dr.-Mahmut-Yuksel.jpg"}],"donem":"21st Term (2025-2027)","kurum":"\u2022 Health Sciences University Antalya Training and Research Hospital, Gastroenterology Clinic","sehir":"\u2022 Antalya","linkedin":"https:\/\/www.linkedin.com\/in\/dr-ayhan-hilmi-%C3%A7ekin-1bb430a7\/?originalSubdomain=tr","unvan":"President","ust_baslik":"Board of Directors Members","alt_baslik":"Principal Members","ad":"Prof. Dr. Ayhan Hilmi \u00c7EK\u0130N","mail":"ayhanhilmi.cekin@tgd.org.tr","diger_uyeler":"<hr>\n<p><strong>Supervisory Board<\/strong><br \/>\nProf. Dr. Sebahattin Kaymako\u011flu<br \/>\nProf. Dr. A. Sedat Boyac\u0131o\u011flu<br \/>\nProf. Dr. Vedat G\u00f6ral<\/p>\n<p><strong>Disciplinary Board<\/strong><br \/>\nProf. Dr. A. Nurdan T\u00f6z\u00fcn<br \/>\nProf. Dr. Sadettin H\u00fclag\u00fc<br \/>\nProf. Dr. Halis \u015eim\u015fek<\/p>\n"},"yoast_head":"<!-- This site is optimized with the Yoast SEO plugin v27.4 - https:\/\/yoast.com\/product\/yoast-seo-wordpress\/ -->\n<title>Board of Directors - TGD<\/title>\n<meta name=\"description\" content=\"Detailed information about the members of the T\u00fcrk Gastroenteroloji Derne\u011fi Board of Directors can be found here.\" \/>\n<meta name=\"robots\" content=\"index, follow, max-snippet:-1, max-image-preview:large, max-video-preview:-1\" \/>\n<link rel=\"canonical\" href=\"https:\/\/tgd.org.tr\/en\/board-of-directors\/\" \/>\n<meta property=\"og:locale\" content=\"en_US\" \/>\n<meta property=\"og:type\" content=\"article\" \/>\n<meta property=\"og:title\" content=\"Board of Directors - TGD\" \/>\n<meta property=\"og:description\" content=\"Detailed information about the members of the T\u00fcrk Gastroenteroloji Derne\u011fi Board of Directors can be found here.\" \/>\n<meta property=\"og:url\" content=\"https:\/\/tgd.org.tr\/en\/board-of-directors\/\" \/>\n<meta property=\"og:site_name\" content=\"TGD\" \/>\n<meta property=\"article:modified_time\" content=\"2026-04-23T21:05:58+00:00\" \/>\n<meta name=\"twitter:card\" content=\"summary_large_image\" \/>\n<script type=\"application\/ld+json\" class=\"yoast-schema-graph\">{\"@context\":\"https:\\\/\\\/schema.org\",\"@graph\":[{\"@type\":\"WebPage\",\"@id\":\"https:\\\/\\\/tgd.org.tr\\\/en\\\/board-of-directors\\\/\",\"url\":\"https:\\\/\\\/tgd.org.tr\\\/en\\\/board-of-directors\\\/\",\"name\":\"Board of Directors - TGD\",\"isPartOf\":{\"@id\":\"https:\\\/\\\/tgd.org.tr\\\/#website\"},\"datePublished\":\"2022-06-30T08:24:47+00:00\",\"dateModified\":\"2026-04-23T21:05:58+00:00\",\"description\":\"Detailed information about the members of the T\u00fcrk Gastroenteroloji Derne\u011fi Board of Directors can be found here.\",\"breadcrumb\":{\"@id\":\"https:\\\/\\\/tgd.org.tr\\\/en\\\/board-of-directors\\\/#breadcrumb\"},\"inLanguage\":\"en-US\",\"potentialAction\":[{\"@type\":\"ReadAction\",\"target\":[\"https:\\\/\\\/tgd.org.tr\\\/en\\\/board-of-directors\\\/\"]}]},{\"@type\":\"BreadcrumbList\",\"@id\":\"https:\\\/\\\/tgd.org.tr\\\/en\\\/board-of-directors\\\/#breadcrumb\",\"itemListElement\":[{\"@type\":\"ListItem\",\"position\":1,\"name\":\"Homepage\",\"item\":\"https:\\\/\\\/tgd.org.tr\\\/en\\\/homepage\\\/\"},{\"@type\":\"ListItem\",\"position\":2,\"name\":\"Board of Directors\"}]},{\"@type\":\"WebSite\",\"@id\":\"https:\\\/\\\/tgd.org.tr\\\/#website\",\"url\":\"https:\\\/\\\/tgd.org.tr\\\/\",\"name\":\"TGD\",\"description\":\"\",\"potentialAction\":[{\"@type\":\"SearchAction\",\"target\":{\"@type\":\"EntryPoint\",\"urlTemplate\":\"https:\\\/\\\/tgd.org.tr\\\/?s={search_term_string}\"},\"query-input\":{\"@type\":\"PropertyValueSpecification\",\"valueRequired\":true,\"valueName\":\"search_term_string\"}}],\"inLanguage\":\"en-US\"}]}<\/script>\n<!-- \/ Yoast SEO plugin. -->","yoast_head_json":{"title":"Board of Directors - TGD","description":"Detailed information about the members of the T\u00fcrk Gastroenteroloji Derne\u011fi Board of Directors can be found here.","robots":{"index":"index","follow":"follow","max-snippet":"max-snippet:-1","max-image-preview":"max-image-preview:large","max-video-preview":"max-video-preview:-1"},"canonical":"https:\/\/tgd.org.tr\/en\/board-of-directors\/","og_locale":"en_US","og_type":"article","og_title":"Board of Directors - TGD","og_description":"Detailed information about the members of the T\u00fcrk Gastroenteroloji Derne\u011fi Board of Directors can be found here.","og_url":"https:\/\/tgd.org.tr\/en\/board-of-directors\/","og_site_name":"TGD","article_modified_time":"2026-04-23T21:05:58+00:00","twitter_card":"summary_large_image","schema":{"@context":"https:\/\/schema.org","@graph":[{"@type":"WebPage","@id":"https:\/\/tgd.org.tr\/en\/board-of-directors\/","url":"https:\/\/tgd.org.tr\/en\/board-of-directors\/","name":"Board of Directors - TGD","isPartOf":{"@id":"https:\/\/tgd.org.tr\/#website"},"datePublished":"2022-06-30T08:24:47+00:00","dateModified":"2026-04-23T21:05:58+00:00","description":"Detailed information about the members of the T\u00fcrk Gastroenteroloji Derne\u011fi Board of Directors can be found here.","breadcrumb":{"@id":"https:\/\/tgd.org.tr\/en\/board-of-directors\/#breadcrumb"},"inLanguage":"en-US","potentialAction":[{"@type":"ReadAction","target":["https:\/\/tgd.org.tr\/en\/board-of-directors\/"]}]},{"@type":"BreadcrumbList","@id":"https:\/\/tgd.org.tr\/en\/board-of-directors\/#breadcrumb","itemListElement":[{"@type":"ListItem","position":1,"name":"Homepage","item":"https:\/\/tgd.org.tr\/en\/homepage\/"},{"@type":"ListItem","position":2,"name":"Board of Directors"}]},{"@type":"WebSite","@id":"https:\/\/tgd.org.tr\/#website","url":"https:\/\/tgd.org.tr\/","name":"TGD","description":"","potentialAction":[{"@type":"SearchAction","target":{"@type":"EntryPoint","urlTemplate":"https:\/\/tgd.org.tr\/?s={search_term_string}"},"query-input":{"@type":"PropertyValueSpecification","valueRequired":true,"valueName":"search_term_string"}}],"inLanguage":"en-US"}]}},"_links":{"self":[{"href":"https:\/\/tgd.org.tr\/en\/wp-json\/wp\/v2\/pages\/7125","targetHints":{"allow":["GET"]}}],"collection":[{"href":"https:\/\/tgd.org.tr\/en\/wp-json\/wp\/v2\/pages"}],"about":[{"href":"https:\/\/tgd.org.tr\/en\/wp-json\/wp\/v2\/types\/page"}],"author":[{"embeddable":true,"href":"https:\/\/tgd.org.tr\/en\/wp-json\/wp\/v2\/users\/1"}],"replies":[{"embeddable":true,"href":"https:\/\/tgd.org.tr\/en\/wp-json\/wp\/v2\/comments?post=7125"}],"version-history":[{"count":1,"href":"https:\/\/tgd.org.tr\/en\/wp-json\/wp\/v2\/pages\/7125\/revisions"}],"predecessor-version":[{"id":7290,"href":"https:\/\/tgd.org.tr\/en\/wp-json\/wp\/v2\/pages\/7125\/revisions\/7290"}],"wp:attachment":[{"href":"https:\/\/tgd.org.tr\/en\/wp-json\/wp\/v2\/media?parent=7125"}],"curies":[{"name":"wp","href":"https:\/\/api.w.org\/{rel}","templated":true}]}}