{"id":7126,"date":"2022-06-30T11:57:26","date_gmt":"2022-06-30T08:57:26","guid":{"rendered":"https:\/\/tgd.org.tr\/our-lost-values\/"},"modified":"2026-04-24T00:05:48","modified_gmt":"2026-04-23T21:05:48","slug":"our-lost-values","status":"publish","type":"page","link":"https:\/\/tgd.org.tr\/en\/our-lost-values\/","title":{"rendered":"Our Lost Values"},"content":{"rendered":"","protected":false},"excerpt":{"rendered":"","protected":false},"author":1,"featured_media":0,"parent":0,"menu_order":100,"comment_status":"closed","ping_status":"closed","template":"page-kaybettiklerimiz.php","meta":{"_acf_changed":false,"inline_featured_image":false,"footnotes":""},"class_list":["post-7126","page","type-page","status-publish","hentry"],"acf":{"degerler":[{"gorsel":"https:\/\/tgd.org.tr\/wp-content\/uploads\/2022\/08\/necmettin-karaeren.jpg","ad":"Necmettin Karaeren","tarih":"1949-2021"},{"gorsel":"https:\/\/tgd.org.tr\/wp-content\/uploads\/2022\/08\/aliozden.jpeg","ad":"Ali \u00d6zden","tarih":"1942-2020"},{"gorsel":"https:\/\/tgd.org.tr\/wp-content\/uploads\/2022\/08\/burhankayhan.jpeg","ad":"Burhan Kayhan","tarih":"1936-2020"},{"gorsel":"https:\/\/tgd.org.tr\/wp-content\/uploads\/2022\/08\/hamdi_sadi_aktan.jpg","ad":"Hamdi Sadi Aktan","tarih":"1932-2016"},{"gorsel":"https:\/\/tgd.org.tr\/wp-content\/uploads\/2022\/08\/ugur_yilmaz.jpg","ad":"U\u011fur Y\u0131lmaz","tarih":"1957-2012"},{"gorsel":"https:\/\/tgd.org.tr\/wp-content\/uploads\/2022\/08\/avni_aktug.jpg","ad":"Avni Aktu\u011f","tarih":"1928-2011"},{"gorsel":"https:\/\/tgd.org.tr\/wp-content\/uploads\/2022\/08\/ozgul_ozguven.jpg","ad":"\u00d6zg\u00fcl \u00d6zg\u00fcven","tarih":"1935-2011"},{"gorsel":"https:\/\/tgd.org.tr\/wp-content\/uploads\/2022\/08\/nihat_sipahi.jpg","ad":"Nihat Sipahi","tarih":"2011"},{"gorsel":"https:\/\/tgd.org.tr\/wp-content\/uploads\/2022\/08\/tulay_saricam.jpg","ad":"T\u00fclay Sar\u0131\u00e7am","tarih":"1957-2011"},{"gorsel":"https:\/\/tgd.org.tr\/wp-content\/uploads\/2022\/08\/esat_erenoglu.jpg","ad":"Esat Ereno\u011flu","tarih":"1927-2010"},{"gorsel":"https:\/\/tgd.org.tr\/wp-content\/uploads\/2022\/08\/zeki_yesilova.jpg","ad":"Zeki Ye\u015filova","tarih":"1962-2009"},{"gorsel":"https:\/\/tgd.org.tr\/wp-content\/uploads\/2022\/08\/bedri_uzunalimoglu.jpg","ad":"Bedri Uzunalimo\u011flu","tarih":"1940-2004"},{"gorsel":"https:\/\/tgd.org.tr\/wp-content\/uploads\/2022\/08\/selahattin_kologlu.jpg","ad":"Selahattin Kulo\u011flu","tarih":"1923-2003"},{"gorsel":"https:\/\/tgd.org.tr\/wp-content\/uploads\/2022\/08\/tulin_sahin.jpg","ad":"T\u00fclin \u015eahin","tarih":"1948-2003"},{"gorsel":"https:\/\/tgd.org.tr\/wp-content\/uploads\/2022\/08\/ercument_palabiyikoglu.jpg","ad":"Erc\u00fcment Palab\u0131y\u0131ko\u011flu","tarih":"1923- 2002"},{"gorsel":"https:\/\/tgd.org.tr\/wp-content\/uploads\/2022\/08\/yasemin_kosar.jpg","ad":"Yasemin Ko\u015far","tarih":"1960-2001"},{"gorsel":"https:\/\/tgd.org.tr\/wp-content\/uploads\/2022\/08\/oktay_yeginsu.jpg","ad":"Oktay Ye\u011finsu","tarih":"1999"},{"gorsel":"https:\/\/tgd.org.tr\/wp-content\/uploads\/2022\/08\/hasan_telatar.jpg","ad":"Hasan Telatar","tarih":"1915-1986"},{"gorsel":"https:\/\/tgd.org.tr\/wp-content\/uploads\/2022\/08\/zafer_paykoc.jpg","ad":"Zafer Payko\u00e7","tarih":"1915-1986"},{"gorsel":"https:\/\/tgd.org.tr\/wp-content\/uploads\/2022\/08\/namik_kemal_mentes.jpg","ad":"Nam\u0131k Kemal Mente\u015f","tarih":"1922-1985"},{"gorsel":"https:\/\/tgd.org.tr\/wp-content\/uploads\/2022\/08\/coskun_yildirir.jpg","ad":"Co\u015fkun Y\u0131ld\u0131r\u0131r","tarih":""},{"gorsel":"https:\/\/tgd.org.tr\/wp-content\/uploads\/2022\/08\/necip_danisoglu.jpg","ad":"Necip Dan\u0131\u015fo\u011flu","tarih":""}]},"yoast_head":"<!-- This site is optimized with the Yoast SEO plugin v27.4 - https:\/\/yoast.com\/product\/yoast-seo-wordpress\/ -->\n<title>Our Lost Values - TGD<\/title>\n<meta name=\"description\" content=\"Our Lost Values as T\u00fcrk Gastroenteroloji Derne\u011fi.\" \/>\n<meta name=\"robots\" content=\"index, follow, max-snippet:-1, max-image-preview:large, max-video-preview:-1\" \/>\n<link rel=\"canonical\" href=\"https:\/\/tgd.org.tr\/en\/our-lost-values\/\" \/>\n<meta property=\"og:locale\" content=\"en_US\" \/>\n<meta property=\"og:type\" content=\"article\" \/>\n<meta property=\"og:title\" content=\"Our Lost Values - TGD\" \/>\n<meta property=\"og:description\" content=\"Our Lost Values as T\u00fcrk Gastroenteroloji Derne\u011fi.\" \/>\n<meta property=\"og:url\" content=\"https:\/\/tgd.org.tr\/en\/our-lost-values\/\" \/>\n<meta property=\"og:site_name\" content=\"TGD\" \/>\n<meta property=\"article:modified_time\" content=\"2026-04-23T21:05:48+00:00\" \/>\n<meta name=\"twitter:card\" content=\"summary_large_image\" \/>\n<script type=\"application\/ld+json\" class=\"yoast-schema-graph\">{\"@context\":\"https:\\\/\\\/schema.org\",\"@graph\":[{\"@type\":\"WebPage\",\"@id\":\"https:\\\/\\\/tgd.org.tr\\\/en\\\/our-lost-values\\\/\",\"url\":\"https:\\\/\\\/tgd.org.tr\\\/en\\\/our-lost-values\\\/\",\"name\":\"Our Lost Values - TGD\",\"isPartOf\":{\"@id\":\"https:\\\/\\\/tgd.org.tr\\\/#website\"},\"datePublished\":\"2022-06-30T08:57:26+00:00\",\"dateModified\":\"2026-04-23T21:05:48+00:00\",\"description\":\"Our Lost Values as T\u00fcrk Gastroenteroloji Derne\u011fi.\",\"breadcrumb\":{\"@id\":\"https:\\\/\\\/tgd.org.tr\\\/en\\\/our-lost-values\\\/#breadcrumb\"},\"inLanguage\":\"en-US\",\"potentialAction\":[{\"@type\":\"ReadAction\",\"target\":[\"https:\\\/\\\/tgd.org.tr\\\/en\\\/our-lost-values\\\/\"]}]},{\"@type\":\"BreadcrumbList\",\"@id\":\"https:\\\/\\\/tgd.org.tr\\\/en\\\/our-lost-values\\\/#breadcrumb\",\"itemListElement\":[{\"@type\":\"ListItem\",\"position\":1,\"name\":\"Homepage\",\"item\":\"https:\\\/\\\/tgd.org.tr\\\/en\\\/homepage\\\/\"},{\"@type\":\"ListItem\",\"position\":2,\"name\":\"Our Lost Values\"}]},{\"@type\":\"WebSite\",\"@id\":\"https:\\\/\\\/tgd.org.tr\\\/#website\",\"url\":\"https:\\\/\\\/tgd.org.tr\\\/\",\"name\":\"TGD\",\"description\":\"\",\"potentialAction\":[{\"@type\":\"SearchAction\",\"target\":{\"@type\":\"EntryPoint\",\"urlTemplate\":\"https:\\\/\\\/tgd.org.tr\\\/?s={search_term_string}\"},\"query-input\":{\"@type\":\"PropertyValueSpecification\",\"valueRequired\":true,\"valueName\":\"search_term_string\"}}],\"inLanguage\":\"en-US\"}]}<\/script>\n<!-- \/ Yoast SEO plugin. -->","yoast_head_json":{"title":"Our Lost Values - TGD","description":"Our Lost Values as T\u00fcrk Gastroenteroloji Derne\u011fi.","robots":{"index":"index","follow":"follow","max-snippet":"max-snippet:-1","max-image-preview":"max-image-preview:large","max-video-preview":"max-video-preview:-1"},"canonical":"https:\/\/tgd.org.tr\/en\/our-lost-values\/","og_locale":"en_US","og_type":"article","og_title":"Our Lost Values - TGD","og_description":"Our Lost Values as T\u00fcrk Gastroenteroloji Derne\u011fi.","og_url":"https:\/\/tgd.org.tr\/en\/our-lost-values\/","og_site_name":"TGD","article_modified_time":"2026-04-23T21:05:48+00:00","twitter_card":"summary_large_image","schema":{"@context":"https:\/\/schema.org","@graph":[{"@type":"WebPage","@id":"https:\/\/tgd.org.tr\/en\/our-lost-values\/","url":"https:\/\/tgd.org.tr\/en\/our-lost-values\/","name":"Our Lost Values - TGD","isPartOf":{"@id":"https:\/\/tgd.org.tr\/#website"},"datePublished":"2022-06-30T08:57:26+00:00","dateModified":"2026-04-23T21:05:48+00:00","description":"Our Lost Values as T\u00fcrk Gastroenteroloji Derne\u011fi.","breadcrumb":{"@id":"https:\/\/tgd.org.tr\/en\/our-lost-values\/#breadcrumb"},"inLanguage":"en-US","potentialAction":[{"@type":"ReadAction","target":["https:\/\/tgd.org.tr\/en\/our-lost-values\/"]}]},{"@type":"BreadcrumbList","@id":"https:\/\/tgd.org.tr\/en\/our-lost-values\/#breadcrumb","itemListElement":[{"@type":"ListItem","position":1,"name":"Homepage","item":"https:\/\/tgd.org.tr\/en\/homepage\/"},{"@type":"ListItem","position":2,"name":"Our Lost Values"}]},{"@type":"WebSite","@id":"https:\/\/tgd.org.tr\/#website","url":"https:\/\/tgd.org.tr\/","name":"TGD","description":"","potentialAction":[{"@type":"SearchAction","target":{"@type":"EntryPoint","urlTemplate":"https:\/\/tgd.org.tr\/?s={search_term_string}"},"query-input":{"@type":"PropertyValueSpecification","valueRequired":true,"valueName":"search_term_string"}}],"inLanguage":"en-US"}]}},"_links":{"self":[{"href":"https:\/\/tgd.org.tr\/en\/wp-json\/wp\/v2\/pages\/7126","targetHints":{"allow":["GET"]}}],"collection":[{"href":"https:\/\/tgd.org.tr\/en\/wp-json\/wp\/v2\/pages"}],"about":[{"href":"https:\/\/tgd.org.tr\/en\/wp-json\/wp\/v2\/types\/page"}],"author":[{"embeddable":true,"href":"https:\/\/tgd.org.tr\/en\/wp-json\/wp\/v2\/users\/1"}],"replies":[{"embeddable":true,"href":"https:\/\/tgd.org.tr\/en\/wp-json\/wp\/v2\/comments?post=7126"}],"version-history":[{"count":1,"href":"https:\/\/tgd.org.tr\/en\/wp-json\/wp\/v2\/pages\/7126\/revisions"}],"predecessor-version":[{"id":7288,"href":"https:\/\/tgd.org.tr\/en\/wp-json\/wp\/v2\/pages\/7126\/revisions\/7288"}],"wp:attachment":[{"href":"https:\/\/tgd.org.tr\/en\/wp-json\/wp\/v2\/media?parent=7126"}],"curies":[{"name":"wp","href":"https:\/\/api.w.org\/{rel}","templated":true}]}}