{"id":7147,"date":"2023-06-12T21:44:13","date_gmt":"2023-06-12T18:44:13","guid":{"rendered":"https:\/\/tgd.org.tr\/cookie-policy\/"},"modified":"2026-04-24T00:05:29","modified_gmt":"2026-04-23T21:05:29","slug":"cookie-policy","status":"publish","type":"page","link":"https:\/\/tgd.org.tr\/en\/cookie-policy\/","title":{"rendered":"Cookie Policy"},"content":{"rendered":"<p><strong>T\u00fcrk Gastroenteroloji Derne\u011fi <\/strong>(hereinafter referred to as \u201c<strong>T\u00fcrk Gastroenteroloji Derne\u011fi <\/strong>\u201d), like many websites, uses cookies to provide visitors with a better website experience.<\/p>\n<p>This Cookie Policy has been prepared to inform website visitors about the definition of cookies, cookie types, cookies used by T\u00fcrk Gastroenteroloji Derne\u011fi, and how cookie preferences can be managed. If the cookie usage warning on the website is closed or website usage is continued, consent to cookies is deemed to have been given. <\/p>\n<p>If you do not approve of cookie usage, we kindly request that you do not continue on the website or change your cookie preferences from your browser. We would like to remind you that if cookies are not allowed, some features of the website may lose their functionality. <\/p>\n<p><strong>WHAT IS A COOKIE?<br \/>\n<\/strong>A cookie is a small text file stored on your computer or mobile device when you visit a website. These files store data such as your IP address, session information, pages you accessed, etc. Cookies do not contain data such as name, surname, or address. Thanks to cookies, your website preferences can be remembered, your session can be kept open, or content you are interested in can be presented to you.    <\/p>\n<p>For detailed information about cookies, you can visit <a href=\"http:\/\/www.aboutcookies.org\">www.aboutcookies.org<\/a> and <a href=\"http:\/\/www.allaboutcookies.org\">www.allaboutcookies.org<\/a>.<\/p>\n<p>&nbsp;<\/p>\n<p><strong>TYPES OF COOKIES<br \/>\n<\/strong>Cookies are divided into different types based on criteria such as their storage duration on mobile devices and by whom they are placed. The main distinction within these criteria is as follows: <\/p>\n<p><strong>Session Cookies\/Persistent Cookies: <\/strong>Session cookies<strong> <\/strong>are temporary cookies that are deleted from the device after you close the browser. The main function of these cookies is to ensure the website functions properly. Persistent cookies, on the other hand, remain on the device until deleted by the visitor or until their expiration, even after the browser is closed. Persistent cookies allow sites to remember your preferences when you return. For example, if you choose to read the site in German during your first visit, the site will automatically appear in German when you return. Not having to select a language preference every time makes it more convenient, efficient, and user-friendly for you.     <\/p>\n<p><strong>First-Party\/Third-Party Cookies: <\/strong>First-party cookies are cookies placed on the device by the visited website operator. Third-party cookies are cookies placed and controlled on the device by parties other than the visited website operator. <\/p>\n<p>&nbsp;<\/p>\n<p><strong>WHICH COOKIES DO WE USE?<br \/>\nT\u00fcrk Gastroenteroloji Derne\u011fi <\/strong> uses different types of cookies.<\/p>\n<p><strong>Strictly Necessary Cookies:<\/strong> These are technical cookies that ensure the website functions correctly and allow you to use its features. They fall under the session cookie category. Blocking these cookies will result in the inability to use website features. The consent of our visitors is not required for the use of strictly necessary cookies.   <\/p>\n<p><strong>Analysis Cookies:<\/strong> <strong>T\u00fcrk Gastroenteroloji Derne\u011fi<\/strong> uses analytical cookies to improve your website experience. Analytical cookies allow us to understand how our visitors use the website (e.g., which pages they visit, duration of visit, etc.). This allows T\u00fcrk Gastroenteroloji Derne\u011fi to improve the content it offers or change the website design. For analytical purposes, Google Analytics is used as one of the web analysis tools. Detailed information regarding web tracking can be found in the <a href=\"https:\/\/policies.google.com\/privacy?hl=tr\"><strong>Google Privacy Policy<\/strong><\/a>. To opt out of Google Analytics, please <a href=\"https:\/\/tools.google.com\/dlpage\/gaoptout?hl=tr\"><strong>click here<\/strong><\/a>.     <\/p>\n<p><strong><br \/>\nFunctionality Cookies:<\/strong> These allow your language preferences, region selection, etc., to be remembered when you revisit the website. <\/p>\n<p><strong><br \/>\nTargeting\/Advertising Cookies: T\u00fcrk Gastroenteroloji Derne\u011fi <\/strong> uses various first-party and third-party cookies for targeting and advertising purposes on its website. You can block these cookies by changing your browser settings. These cookies can be used, for example, to learn about your general interests, such as the websites you visit and the products you purchase. This can also help us understand things about you, such as your age, marital status, and how many children you may have. This data allows us to send you advertisements for products and services that better match what you like or need. They also enable us to limit the number of times you see the same advertisement.     <\/p>\n<p><strong><br \/>\nSocial Media Plugins: <\/strong>Various social media plugins are integrated into the T\u00fcrk Gastroenteroloji Derne\u011fi website and mobile application. When you click on one of the integrated social media buttons, some of your information is shared with social media providers. If you are logged into your social media account at the same time or if social media cookies are stored in your browser, the social media provider can recognize your visit to our website or mobile application and display these activities on your social media profile.  <\/p>\n<p>Even if you do not have an account on a social network (e.g., Facebook), have not logged in to the plugin provider, or have not clicked on the plugin, it is possible for social media providers to record information such as the URL of the visited website or your IP address.<\/p>\n<p>To prevent social networks from associating your visit to the <strong>T\u00fcrk Gastroenteroloji Derne\u011fi <\/strong> website with your user accounts, you must log out of your user account before visiting our website.<\/p>\n<p>For more information about the social media plugins integrated into the <strong><br \/>\nT\u00fcrk Gastroenteroloji Derne\u011fi <\/strong> website and mobile application, we recommend reading the privacy policy of the relevant social media platform.<\/p>\n<p>Facebook: <a href=\"https:\/\/tr-tr.facebook.com\/privacy\/explanation\">https:\/\/tr-tr.facebook.com\/privacy\/explanation<\/a><br \/>\nTwitter: <a href=\"https:\/\/twitter.com\/en\/privacy#update\">https:\/\/twitter.com\/en\/privacy#update<\/a><br \/>\nGoogle\/Youtube: <a href=\"https:\/\/policies.google.com\/privacy?hl=tr&amp;gl=ZZ\">https:\/\/policies.google.com\/privacy?hl=tr&amp;gl=ZZ<\/a><br \/>\nPinterest: <a href=\"https:\/\/policy.pinterest.com\/tr\/privacy-policy\">https:\/\/policy.pinterest.com\/tr\/privacy-policy<\/a><br \/>\nInstagram: <a href=\"https:\/\/help.instagram.com\/155833707900388\">https:\/\/help.instagram.com\/155833707900388<\/a><br \/>\nLinkedin: <a href=\"https:\/\/www.linkedin.com\/legal\/privacy-policy?_l=tr_TR\">https:\/\/www.linkedin.com\/legal\/privacy-policy?_l=tr_TR<\/a><\/p>\n<p>&nbsp;<\/p>\n<p><strong>Below is detailed information about the types of cookies used on our website and how they are used.<\/strong><\/p>\n<table width=\"873\">\n<tbody>\n<tr>\n<td width=\"97\">__cfduid<\/td>\n<td width=\"97\">tgd.org.tr<\/td>\n<td width=\"250\">The cookie is used by CDN services like CloudFlare to identify individual clients behind a shared IP address and apply security settings for each client. It does not correspond to any user ID in the web application and does not store any personally identifiable information. <\/td>\n<td width=\"79\">29 days 23 hours 59 minutes<\/td>\n<td width=\"131\">Necessary<\/td>\n<\/tr>\n<tr>\n<td width=\"97\">sib_cuid<\/td>\n<td width=\"97\">tgd.org.tr<\/td>\n<td width=\"250\">no description<\/td>\n<td width=\"79\">5 months 28 days 15 hours 59 minutes<\/td>\n<td width=\"131\">Other<\/td>\n<\/tr>\n<tr>\n<td width=\"97\">_ga<\/td>\n<td width=\"97\">tgd.org.tr<\/td>\n<td width=\"250\">This cookie is installed by Google Analytics. The cookie is used to calculate visitor, session, campaign data and track site usage for the site&#8217;s analytics report. Cookies store information anonymously and assign a randomly generated number to identify unique visitors.  <\/td>\n<td width=\"79\">1 year 11 months 28 days 23 hours 59 minutes<\/td>\n<td width=\"131\">Analytical<\/td>\n<\/tr>\n<tr>\n<td width=\"97\">gid<\/td>\n<td width=\"97\">tgd.org.tr<\/td>\n<td width=\"250\">This cookie is installed by Google Analytics. The cookie is used to store information about how visitors use a website and helps create an analytics report on how the website is performing. The data collected includes the number of visitors, where they come from, and pages visited anonymously.  <\/td>\n<td width=\"79\">23 hours 59 minutes<\/td>\n<td width=\"131\">Analytical<\/td>\n<\/tr>\n<tr>\n<td width=\"97\">_gat<\/td>\n<td width=\"97\">tgd.org.tr<\/td>\n<td width=\"250\">These cookies are installed by Google Universal Analytics to throttle the request rate to limit data collection on high-traffic sites.<\/td>\n<td width=\"79\"><strong> <\/strong><\/td>\n<td width=\"131\">Performance<\/td>\n<\/tr>\n<tr>\n<td width=\"97\">_fbp<\/td>\n<td width=\"97\">tgd.org.tr<\/td>\n<td width=\"250\">This cookie is set by Facebook to deliver advertisements when they are on Facebook or a digital platform powered by Facebook advertising after visiting this website.<\/td>\n<td width=\"79\">2 months 28 days 23 hours 59 minutes<\/td>\n<td width=\"131\">Advertising<\/td>\n<\/tr>\n<tr>\n<td width=\"97\">fr<\/td>\n<td width=\"97\">.facebook.com<\/td>\n<td width=\"250\">The cookie is set by Facebook to show relevant advertisements to users and to measure and improve advertisements. The cookie also tracks user behavior on the web on sites with Facebook Pixel or Facebook social plugin. <\/td>\n<td width=\"79\">2 months 28 days 23 hours 59 minutes<\/td>\n<td width=\"131\">Advertising<\/td>\n<\/tr>\n<tr>\n<td width=\"97\">__cfduid<\/td>\n<td width=\"97\">.sibautomation.com<\/td>\n<td width=\"250\">The cookie is used by CDN services like CloudFlare to identify individual clients behind a shared IP address and apply security settings for each client. It does not correspond to any user ID in the web application and does not store any personally identifiable information. <\/td>\n<td width=\"79\">29 days 23 hours 59 minutes<\/td>\n<td width=\"131\">Necessary<\/td>\n<\/tr>\n<\/tbody>\n<\/table>\n<p><strong> <\/strong><\/p>\n<p><strong>HOW CAN YOU CHANGE YOUR COOKIE PREFERENCES?<\/strong><\/p>\n<p>You can personalize or completely block cookies by changing the settings of the browser you use. You can set your browser to reject all cookies or to indicate when a cookie is being sent to your computer. However, this may prevent our sites or services from functioning properly. You can also set your browser to delete cookies every time you finish browsing. Detailed information on the steps to follow for different browsers can be found at the links below:    <\/p>\n<table width=\"633\">\n<tbody>\n<tr>\n<td width=\"208\"><strong>Browser Name<\/strong><\/td>\n<td width=\"425\"><strong>Link<\/strong><\/td>\n<\/tr>\n<tr>\n<td width=\"208\">Google Chrome<\/td>\n<td width=\"425\"><a href=\"https:\/\/support.google.com\/chrome\/answer\/95647?co=GENIE.Platform%3DDesktop&amp;hl=tr\">https:\/\/support.google.com\/chrome\/answer\/95647?co=GENIE.Platform%3DDesktop&amp;hl=tr<\/a><\/td>\n<\/tr>\n<tr>\n<td width=\"208\">Internet Explorer<\/td>\n<td width=\"425\"><a href=\"https:\/\/support.microsoft.com\/tr-tr\/help\/17442\/windows-internet-explorer-delete-manage-cookies\">https:\/\/support.microsoft.com\/tr-tr\/help\/17442\/windows-internet-explorer-delete-manage-cookies<\/a><\/td>\n<\/tr>\n<tr>\n<td width=\"208\">Mozilla Firefox<\/td>\n<td width=\"425\"><a href=\"https:\/\/support.mozilla.org\/tr\/kb\/cerezleri-silme-web-sitelerinin-bilgilerini-kaldirma\">https:\/\/support.mozilla.org\/tr\/kb\/cerezleri-silme-web-sitelerinin-bilgilerini-kaldirma<\/a><\/td>\n<\/tr>\n<tr>\n<td width=\"208\">Yandex<\/td>\n<td width=\"425\"><a href=\"https:\/\/yandex.com.tr\/support\/browser-classic\/personal-data-protection\/cookies.xml\">https:\/\/yandex.com.tr\/support\/browser-classic\/personal-data-protection\/cookies.xml<\/a><\/td>\n<\/tr>\n<tr>\n<td width=\"208\">Safari<\/td>\n<td width=\"425\"><a href=\"https:\/\/www.apple.com\/legal\/privacy\/tr\/\">https:\/\/www.apple.com\/legal\/privacy\/tr\/<\/a><\/td>\n<\/tr>\n<\/tbody>\n<\/table>\n<p>&nbsp;<\/p>\n<p>For other browsers, you can consult the help or support page of the relevant browser to manage cookie preferences.<\/p>\n<p><strong><br \/>\nYOUR RIGHTS REGARDING YOUR PERSONAL DATA<br \/>\n<\/strong>As a data subject, by applying to T\u00fcrk Gastroenteroloji Derne\u011fi, you have the right to:<\/p>\n<ul>\n<li>Learn whether your personal data is being processed,<\/li>\n<li>Request information if your personal data has been processed,<\/li>\n<li>Learn the purpose of processing your personal data and whether it is used in accordance with its purpose,<\/li>\n<li>Know the third parties to whom your personal data is transferred, domestically or abroad,<\/li>\n<li>Request correction of your personal data if it is incomplete or incorrectly processed, and to request notification of the operations carried out within this scope to third parties to whom your personal data has been transferred,<\/li>\n<li>Request the deletion or destruction of your personal data if the reasons requiring its processing have ceased to exist, despite being processed in accordance with Law No. 6698 and other relevant laws, and to request notification of the operations carried out within this scope to third parties to whom your personal data has been transferred,<\/li>\n<li>Object to the emergence of a result against you by means of analyzing your processed data exclusively through automated systems,<\/li>\n<li>Request compensation for damages if you suffer damage due to unlawful processing of your personal data.<\/li>\n<\/ul>\n<p>If you submit your requests regarding your aforementioned rights to T\u00fcrk Gastroenteroloji Derne\u011fi in accordance with the application procedures stipulated in the <a href=\"http:\/\/www.resmigazete.gov.tr\/eskiler\/2018\/03\/20180310-6.htm\">Communiqu\u00e9 on the Procedures and Principles of Application to the Data Controller<\/a>, <strong>T\u00fcrk Gastroenteroloji Derne\u011fi <\/strong> will finalize your request free of charge as soon as possible and within 30 (thirty) days at the latest, depending on its nature. However, if the transaction requires an additional cost, <strong>T\u00fcrk Gastroenteroloji Derne\u011fi <\/strong> may charge the fee specified in the tariff determined by the Personal Data Protection Board. <\/p>\n<p>To exercise your rights mentioned above, you can send a signed hard copy of your request, which includes the necessary information to identify your identity and your explanations regarding the right you wish to exercise among those specified in Article 11 of the KVKK, by filling out the application form on our website and sending it to our address, delivering it in person, via notary public, or by sending the relevant form to our KEP address with a secure electronic signature. <\/p>\n<p>Contact information is as follows:<\/p>\n<p><strong>T\u00fcrk Gastroenteroloji Derne\u011fi<br \/>\nAddress: <\/strong>Mustafa Kemal Mah. 2126. Sk. No:6 C Blok D: 9 (Kolbay \u0130\u015f Merkezi) \u00c7ankaya Ankara \/ T\u00fcrkiye<br \/>\n<strong>Phone: <\/strong>+90 312 284 15 11<strong><br \/>\nEmail: <\/strong>dernek@tgd.org.tr<\/p>\n<p><em>Update Date: 2022-09-01<\/em><\/p>\n<p>&nbsp;<\/p>\n","protected":false},"excerpt":{"rendered":"<p>T\u00fcrk Gastroenteroloji Derne\u011fi (hereinafter referred to as \u201cT\u00fcrk Gastroenteroloji Derne\u011fi \u201d), like many websites, uses cookies to provide visitors with a better website experience. This&#8230;<\/p>\n","protected":false},"author":1,"featured_media":0,"parent":0,"menu_order":12,"comment_status":"closed","ping_status":"closed","template":"page-belge.php","meta":{"_acf_changed":false,"inline_featured_image":false,"footnotes":""},"class_list":["post-7147","page","type-page","status-publish","hentry"],"acf":[],"yoast_head":"<!-- This site is optimized with the Yoast SEO plugin v27.4 - https:\/\/yoast.com\/product\/yoast-seo-wordpress\/ -->\n<title>Cookie Policy - TGD<\/title>\n<meta name=\"robots\" content=\"index, follow, max-snippet:-1, max-image-preview:large, max-video-preview:-1\" \/>\n<link rel=\"canonical\" href=\"https:\/\/tgd.org.tr\/en\/cookie-policy\/\" \/>\n<meta property=\"og:locale\" content=\"en_US\" \/>\n<meta property=\"og:type\" content=\"article\" \/>\n<meta property=\"og:title\" content=\"Cookie Policy - TGD\" \/>\n<meta property=\"og:description\" content=\"T\u00fcrk Gastroenteroloji Derne\u011fi (hereinafter referred to as \u201cT\u00fcrk Gastroenteroloji Derne\u011fi \u201d), like many websites, uses cookies to provide visitors with a better website experience. This...\" \/>\n<meta property=\"og:url\" content=\"https:\/\/tgd.org.tr\/en\/cookie-policy\/\" \/>\n<meta property=\"og:site_name\" content=\"TGD\" \/>\n<meta property=\"article:modified_time\" content=\"2026-04-23T21:05:29+00:00\" \/>\n<meta name=\"twitter:card\" content=\"summary_large_image\" \/>\n<meta name=\"twitter:label1\" content=\"Est. reading time\" \/>\n\t<meta name=\"twitter:data1\" content=\"9 minutes\" \/>\n<script type=\"application\/ld+json\" class=\"yoast-schema-graph\">{\"@context\":\"https:\\\/\\\/schema.org\",\"@graph\":[{\"@type\":\"WebPage\",\"@id\":\"https:\\\/\\\/tgd.org.tr\\\/en\\\/cookie-policy\\\/\",\"url\":\"https:\\\/\\\/tgd.org.tr\\\/en\\\/cookie-policy\\\/\",\"name\":\"Cookie Policy - TGD\",\"isPartOf\":{\"@id\":\"https:\\\/\\\/tgd.org.tr\\\/#website\"},\"datePublished\":\"2023-06-12T18:44:13+00:00\",\"dateModified\":\"2026-04-23T21:05:29+00:00\",\"breadcrumb\":{\"@id\":\"https:\\\/\\\/tgd.org.tr\\\/en\\\/cookie-policy\\\/#breadcrumb\"},\"inLanguage\":\"en-US\",\"potentialAction\":[{\"@type\":\"ReadAction\",\"target\":[\"https:\\\/\\\/tgd.org.tr\\\/en\\\/cookie-policy\\\/\"]}]},{\"@type\":\"BreadcrumbList\",\"@id\":\"https:\\\/\\\/tgd.org.tr\\\/en\\\/cookie-policy\\\/#breadcrumb\",\"itemListElement\":[{\"@type\":\"ListItem\",\"position\":1,\"name\":\"Homepage\",\"item\":\"https:\\\/\\\/tgd.org.tr\\\/en\\\/homepage\\\/\"},{\"@type\":\"ListItem\",\"position\":2,\"name\":\"Cookie Policy\"}]},{\"@type\":\"WebSite\",\"@id\":\"https:\\\/\\\/tgd.org.tr\\\/#website\",\"url\":\"https:\\\/\\\/tgd.org.tr\\\/\",\"name\":\"TGD\",\"description\":\"\",\"potentialAction\":[{\"@type\":\"SearchAction\",\"target\":{\"@type\":\"EntryPoint\",\"urlTemplate\":\"https:\\\/\\\/tgd.org.tr\\\/?s={search_term_string}\"},\"query-input\":{\"@type\":\"PropertyValueSpecification\",\"valueRequired\":true,\"valueName\":\"search_term_string\"}}],\"inLanguage\":\"en-US\"}]}<\/script>\n<!-- \/ Yoast SEO plugin. -->","yoast_head_json":{"title":"Cookie Policy - TGD","robots":{"index":"index","follow":"follow","max-snippet":"max-snippet:-1","max-image-preview":"max-image-preview:large","max-video-preview":"max-video-preview:-1"},"canonical":"https:\/\/tgd.org.tr\/en\/cookie-policy\/","og_locale":"en_US","og_type":"article","og_title":"Cookie Policy - TGD","og_description":"T\u00fcrk Gastroenteroloji Derne\u011fi (hereinafter referred to as \u201cT\u00fcrk Gastroenteroloji Derne\u011fi \u201d), like many websites, uses cookies to provide visitors with a better website experience. This...","og_url":"https:\/\/tgd.org.tr\/en\/cookie-policy\/","og_site_name":"TGD","article_modified_time":"2026-04-23T21:05:29+00:00","twitter_card":"summary_large_image","twitter_misc":{"Est. reading time":"9 minutes"},"schema":{"@context":"https:\/\/schema.org","@graph":[{"@type":"WebPage","@id":"https:\/\/tgd.org.tr\/en\/cookie-policy\/","url":"https:\/\/tgd.org.tr\/en\/cookie-policy\/","name":"Cookie Policy - TGD","isPartOf":{"@id":"https:\/\/tgd.org.tr\/#website"},"datePublished":"2023-06-12T18:44:13+00:00","dateModified":"2026-04-23T21:05:29+00:00","breadcrumb":{"@id":"https:\/\/tgd.org.tr\/en\/cookie-policy\/#breadcrumb"},"inLanguage":"en-US","potentialAction":[{"@type":"ReadAction","target":["https:\/\/tgd.org.tr\/en\/cookie-policy\/"]}]},{"@type":"BreadcrumbList","@id":"https:\/\/tgd.org.tr\/en\/cookie-policy\/#breadcrumb","itemListElement":[{"@type":"ListItem","position":1,"name":"Homepage","item":"https:\/\/tgd.org.tr\/en\/homepage\/"},{"@type":"ListItem","position":2,"name":"Cookie Policy"}]},{"@type":"WebSite","@id":"https:\/\/tgd.org.tr\/#website","url":"https:\/\/tgd.org.tr\/","name":"TGD","description":"","potentialAction":[{"@type":"SearchAction","target":{"@type":"EntryPoint","urlTemplate":"https:\/\/tgd.org.tr\/?s={search_term_string}"},"query-input":{"@type":"PropertyValueSpecification","valueRequired":true,"valueName":"search_term_string"}}],"inLanguage":"en-US"}]}},"_links":{"self":[{"href":"https:\/\/tgd.org.tr\/en\/wp-json\/wp\/v2\/pages\/7147","targetHints":{"allow":["GET"]}}],"collection":[{"href":"https:\/\/tgd.org.tr\/en\/wp-json\/wp\/v2\/pages"}],"about":[{"href":"https:\/\/tgd.org.tr\/en\/wp-json\/wp\/v2\/types\/page"}],"author":[{"embeddable":true,"href":"https:\/\/tgd.org.tr\/en\/wp-json\/wp\/v2\/users\/1"}],"replies":[{"embeddable":true,"href":"https:\/\/tgd.org.tr\/en\/wp-json\/wp\/v2\/comments?post=7147"}],"version-history":[{"count":1,"href":"https:\/\/tgd.org.tr\/en\/wp-json\/wp\/v2\/pages\/7147\/revisions"}],"predecessor-version":[{"id":7284,"href":"https:\/\/tgd.org.tr\/en\/wp-json\/wp\/v2\/pages\/7147\/revisions\/7284"}],"wp:attachment":[{"href":"https:\/\/tgd.org.tr\/en\/wp-json\/wp\/v2\/media?parent=7147"}],"curies":[{"name":"wp","href":"https:\/\/api.w.org\/{rel}","templated":true}]}}