{"id":7151,"date":"2022-11-14T12:55:13","date_gmt":"2022-11-14T09:55:13","guid":{"rendered":"https:\/\/tgd.org.tr\/esd-poem-academy\/"},"modified":"2026-04-24T00:05:17","modified_gmt":"2026-04-23T21:05:17","slug":"esd-poem-academy","status":"publish","type":"page","link":"https:\/\/tgd.org.tr\/en\/esd-poem-academy\/","title":{"rendered":"ESD\/POEM Academy"},"content":{"rendered":"","protected":false},"excerpt":{"rendered":"","protected":false},"author":1,"featured_media":0,"parent":0,"menu_order":22,"comment_status":"closed","ping_status":"closed","template":"page-event.php","meta":{"_acf_changed":false,"inline_featured_image":false,"footnotes":""},"class_list":["post-7151","page","type-page","status-publish","hentry"],"acf":{"galeri":[{"tip":"gorsel","video_linki":"","gorsel":"https:\/\/tgd.org.tr\/wp-content\/uploads\/2024\/03\/poster_2.png","aciklama":"May 18-19, 2024 Istanbul \/ Poster"},{"tip":"gorsel","video_linki":"","gorsel":"https:\/\/tgd.org.tr\/wp-content\/uploads\/2024\/02\/y_3.jpeg","aciklama":"Memories from the course program"},{"tip":"gorsel","video_linki":"","gorsel":"https:\/\/tgd.org.tr\/wp-content\/uploads\/2024\/02\/y_2.jpeg","aciklama":"Memories from the course program"},{"tip":"gorsel","video_linki":"","gorsel":"https:\/\/tgd.org.tr\/wp-content\/uploads\/2024\/02\/y_1.jpeg","aciklama":"Memories from the course program"},{"tip":"gorsel","video_linki":"","gorsel":"https:\/\/tgd.org.tr\/wp-content\/uploads\/2024\/02\/y_5.jpeg","aciklama":"Memories from the course program"},{"tip":"gorsel","video_linki":"","gorsel":"https:\/\/tgd.org.tr\/wp-content\/uploads\/2024\/02\/y_4.jpeg","aciklama":"Memories from the course program"},{"tip":"gorsel","video_linki":"","gorsel":"https:\/\/tgd.org.tr\/wp-content\/uploads\/2022\/11\/1.jpeg","aciklama":"Assoc. Prof. Dr. S\u00fcleyman G\u00dcNAY "},{"tip":"gorsel","video_linki":"","gorsel":"https:\/\/tgd.org.tr\/wp-content\/uploads\/2022\/11\/1.png","aciklama":"IDEA Center"},{"tip":"gorsel","video_linki":"","gorsel":"https:\/\/tgd.org.tr\/wp-content\/uploads\/2022\/11\/5.png","aciklama":"Course"},{"tip":"gorsel","video_linki":"","gorsel":"https:\/\/tgd.org.tr\/wp-content\/uploads\/2022\/11\/2.jpeg","aciklama":"Dr. Hossam Amer Afify \/ From Egypt"},{"tip":"gorsel","video_linki":"","gorsel":"https:\/\/tgd.org.tr\/wp-content\/uploads\/2022\/11\/4.jpeg","aciklama":"Prof. Ahmed Tonbary \/ From Egypt"},{"tip":"gorsel","video_linki":"","gorsel":"https:\/\/tgd.org.tr\/wp-content\/uploads\/2022\/11\/3.jpeg","aciklama":"Dr. Ashraf Monged \/ From United Kingdom"}],"etkinlik_durumu":"pasif","banner":"https:\/\/tgd.org.tr\/wp-content\/uploads\/2024\/03\/us_2.jpg","icerikler":[{"acf_fc_layout":"metin_icerik","ikon":"https:\/\/tgd.org.tr\/wp-content\/uploads\/2022\/11\/icon-academy-learning-objectives.svg","baslik":"Learning Objectives","icerik":"<p><b>The pre-learning topics will be:  <\/b><\/p>\n<ul>\n<li>Basics of ESD &#8211; Indication and techniques<\/li>\n<li>POEM techniques<\/li>\n<\/ul>\n<p><b>By the end of the ESD\/POEM Academy program, delegates will have acquired capabilities to:<\/b><\/p>\n<p>1. Comprehend basic processing techniques to perform ESD procedures in the in vivo models<\/p>\n<p>2. Regarding the ESD and POEM techniques;<\/p>\n<ul>\n<li>Mucosal marking<\/li>\n<li>Submucosal injections and solutions<\/li>\n<li>Mucosal incision<\/li>\n<li>Submucosal dissection<\/li>\n<li>Tunnel creation for POEM, precise myotomy, closing a tunnel using appropriate closing techniques<\/li>\n<li>Hemostasis<\/li>\n<li>Resecting the lesion<\/li>\n<li>Sending the sample to pathological examination<\/li>\n<\/ul>\n<p>3. Gain experience in the key technologies supporting good ESD practice.<\/p>\n<p>4. Understand the aspects and practices required to establish an ESD unit.<\/p>\n"},{"acf_fc_layout":"katilimcilar","ikon":"https:\/\/tgd.org.tr\/wp-content\/uploads\/2022\/11\/icon-academy-course-directors-faculty.svg","baslik":"Course Directors & Faculty","ana_katilimci":[{"gorsel":"https:\/\/tgd.org.tr\/wp-content\/uploads\/2024\/02\/TGD_Baskani_2024.jpg","ad_soyad":"Prof. Dr. Mehmet C\u0130NDORUK","unvan":"Turkish Gastroenterology Association, President","kurum":"\u2022 Gazi University Faculty of Medicine, Department of Gastroenterology","sehir":"\u2022 Ankara - Turkey","linkedin":""}],"katilimci":[{"gorsel":"https:\/\/tgd.org.tr\/wp-content\/uploads\/2022\/11\/Prof.-Dr.-Mehmet-I\u0307BI\u0307S\u0327.jpg","ad_soyad":"Prof. Dr. Mehmet \u0130B\u0130\u015e","unvan":"","kurum":"\u2022 Gazi University Faculty of Medicine Department of Gastroenterology","sehir":"\u2022 Ankara - Turkey","linkedin":""},{"gorsel":"https:\/\/tgd.org.tr\/wp-content\/uploads\/2022\/11\/Prof.-Dr.-Beytullah-YILDIRIM.jpg","ad_soyad":"Prof. Dr. Beytullah YILDIRIM","unvan":"","kurum":"\u2022 19 May\u0131s University Faculty of Medicine Department of Gastroenterology","sehir":"\u2022 Samsun - Turkey","linkedin":""},{"gorsel":"https:\/\/tgd.org.tr\/wp-content\/uploads\/2022\/11\/Doc\u0327.-Dr.-Su\u0308leyman-GU\u0308NAY.jpg","ad_soyad":"Assoc. Prof. Dr. S\u00fcleyman G\u00dcNAY ","unvan":"","kurum":"\u2022 \u0130zmir Katip \u00c7elebi University Faculty of Medicine Department of Gastroenterology","sehir":"\u2022 \u0130zmir - Turkey","linkedin":"https:\/\/www.linkedin.com\/in\/s%C3%BCleyman-g%C3%BCnay\/"},{"gorsel":"https:\/\/tgd.org.tr\/wp-content\/uploads\/2022\/11\/Doc\u0327.-Dr.-Altay-KANDEMI\u0307R.jpg","ad_soyad":"Assoc. Prof. Dr. Altay KANDEM\u0130R ","unvan":"","kurum":"\u2022 Adnan Menderes University Faculty of Medicine Department of Gastroenterology","sehir":"\u2022 Ayd\u0131n - Turkey","linkedin":"https:\/\/www.linkedin.com\/in\/altay-kandemir-a41828250\/"}]},{"acf_fc_layout":"metin_icerik","ikon":"https:\/\/tgd.org.tr\/wp-content\/uploads\/2022\/11\/icon-academy-center.svg","baslik":"Center","icerik":"<h3><span style=\"color: #000000;\">\u0130DEA (Istanbul Mehmet Akif Ersoy IDEA Research, Development and Education Center)<\/span><b><br \/>\n<\/b><\/h3>\n<div>\n<div>\n<p><a href=\"https:\/\/www.google.com\/maps\/dir\/\/Halkal%C4%B1+Merkez,+Halkal%C4%B1+Cd+No:1,+34295+K%C3%BC%C3%A7%C3%BCk%C3%A7ekmece%2F%C4%B0stanbul\/@41.0225013,28.7892883,17z\/data=!4m9!4m8!1m0!1m5!1m1!1s0x14caa46b6137ce9b:0x7eda9cc40c54be9d!2m2!1d28.7914823!2d41.0224973!3e0\" target=\"_blank\" rel=\"noopener\">Google Maps Link<\/a><\/p>\n<\/div>\n<\/div>\n<p><img loading=\"lazy\" decoding=\"async\" class=\"alignnone wp-image-3498 size-large\" src=\"https:\/\/tgd.org.tr\/wp-content\/uploads\/2024\/02\/Kolaj-1024x350.jpg\" alt=\"\" width=\"1024\" height=\"350\" srcset=\"https:\/\/tgd.org.tr\/wp-content\/uploads\/2024\/02\/Kolaj-1024x350.jpg 1024w, https:\/\/tgd.org.tr\/wp-content\/uploads\/2024\/02\/Kolaj-300x103.jpg 300w, https:\/\/tgd.org.tr\/wp-content\/uploads\/2024\/02\/Kolaj-768x263.jpg 768w, https:\/\/tgd.org.tr\/wp-content\/uploads\/2024\/02\/Kolaj.jpg 1170w\" sizes=\"auto, (max-width: 1024px) 100vw, 1024px\" \/><\/p>\n"},{"acf_fc_layout":"metin_icerik","ikon":"https:\/\/tgd.org.tr\/wp-content\/uploads\/2022\/11\/icon-academy-agenda.svg","baslik":"Agenda","icerik":"<p><b>DAY 1<\/b><\/p>\n<ul>\n<li>9:00 Welcome and Introduction<\/li>\n<li>10:00 Practical Session One<\/li>\n<li>13:00 Lunch<\/li>\n<li>13:30 Practical Session One continued<\/li>\n<li>14:30 Practical Session Two<\/li>\n<li>17:30 End of day review &#038; Closing remarks<\/li>\n<\/ul>\n<p><b>DAY 2<\/b><\/p>\n<ul>\n<li>08:00 Introduction and Q&#038;A<\/li>\n<li>08:30 Practical Session Three<\/li>\n<li>12:00 Lunch<\/li>\n<li>12:30 Practical Session Four<\/li>\n<li>15:00 End of day review &#038; Closing remarks<\/li>\n<\/ul>\n"},{"acf_fc_layout":"metin_icerik","ikon":"https:\/\/tgd.org.tr\/wp-content\/uploads\/2022\/11\/Registration-Information.svg","baslik":"Registration Information","icerik":"<p>Trainee Fee (One Person) 2,000 USD<\/p>\n"},{"acf_fc_layout":"metin_icerik","ikon":"https:\/\/tgd.org.tr\/wp-content\/uploads\/2022\/11\/Certification.svg","baslik":"Certification","icerik":"<p>An e-certificate will be issued at the end of the course.<\/p>\n"},{"acf_fc_layout":"metin_icerik","ikon":"https:\/\/tgd.org.tr\/wp-content\/uploads\/2022\/11\/hotel.svg","baslik":"Hotel","icerik":"<p>Wyndham Grand \u0130stanbul Europe Hotel<\/p>\n<p>\u2022 SNG\/BB: 155 USD<br \/>\n\u2022 DBL\/BB : 160 USD<\/p>\n<p><a href=\"https:\/\/wyndhamgrandistanbuleurope.com\/\" target=\"_blank\" rel=\"noopener\">Hotel More Information Click Here<\/a><\/p>\n<p><img loading=\"lazy\" decoding=\"async\" class=\"aligncenter wp-image-2394 size-full\" src=\"https:\/\/tgd.org.tr\/wp-content\/uploads\/2022\/11\/hotel.jpg\" alt=\"\" width=\"1170\" height=\"400\" srcset=\"https:\/\/tgd.org.tr\/wp-content\/uploads\/2022\/11\/hotel.jpg 1170w, https:\/\/tgd.org.tr\/wp-content\/uploads\/2022\/11\/hotel-300x103.jpg 300w, https:\/\/tgd.org.tr\/wp-content\/uploads\/2022\/11\/hotel-1024x350.jpg 1024w, https:\/\/tgd.org.tr\/wp-content\/uploads\/2022\/11\/hotel-768x263.jpg 768w\" sizes=\"auto, (max-width: 1170px) 100vw, 1170px\" \/><\/p>\n"},{"acf_fc_layout":"metin_icerik","ikon":"https:\/\/tgd.org.tr\/wp-content\/uploads\/2022\/11\/transport.svg","baslik":"Transport","icerik":"<ul>\n<li>Included in the price. (Shuttle transfer) <\/li>\n<\/ul>\n"}],"tarih":"18-19 May 2024 Istanbul","icerik_1":"<div>\n<h3>Turkish Gastroenterology Association, President:<\/h3>\n<ul>\n<li>Prof. Dr. Mehmet C\u0130NDORUK<\/li>\n<\/ul>\n<\/div>\n<div><\/div>\n<div>\n<h3>Course Directors:<\/h3>\n<ul>\n<li>Prof. Dr. Mehmet \u0130B\u0130\u015e<\/li>\n<li>Assoc. Prof. Dr. S\u00fcleyman G\u00dcNAY <\/li>\n<li>Prof. Dr. Beytullah YILDIRIM<\/li>\n<li>Assoc. Prof. Dr. Altay KANDEM\u0130R <\/li>\n<\/ul>\n<\/div>\n<div>\n<h3>Location:<\/h3>\n<p>\u0130DEA (Istanbul Mehmet Akif Ersoy IDEA Research, Development and Education Center)<\/p>\n<p>Halkal\u0131 Merkez, No:13\/, Halkal\u0131 Cd No:1, 34303 K\u00fc\u00e7\u00fck\u00e7ekmece\/Istanbul<\/p>\n<p><a href=\"https:\/\/www.google.com\/maps\/dir\/\/Halkal%C4%B1+Merkez,+Halkal%C4%B1+Cd+No:1,+34295+K%C3%BC%C3%A7%C3%BCk%C3%A7ekmece%2F%C4%B0stanbul\/@41.0225013,28.7892883,17z\/data=!4m9!4m8!1m0!1m5!1m1!1s0x14caa46b6137ce9b:0x7eda9cc40c54be9d!2m2!1d28.7914823!2d41.0224973!3e0\" target=\"_blank\" rel=\"noopener\">Google Maps Link<\/a><\/p>\n<\/div>\n<h3><span style=\"color: #ff0000;\"><a style=\"color: #ff0000;\" href=\"https:\/\/tgd.org.tr\/wp-content\/uploads\/2024\/03\/ABOUT-REGISTRATION-AND-FEE.pdf\" target=\"_blank\" rel=\"noopener\"><strong>Information Booklet Download<\/strong><\/a><\/span><\/h3>\n","icerik_2":"<h3>Information:<\/h3>\n<p>Today, third space endoscopy has become a technique that is becoming more and more widespread globally.<\/p>\n<p>Living tissues are one of the best models for learning third space endoscopy.<br \/>\nDuring this course, you will have the opportunity to learn many theoretical and practical details, thereby facilitating the adoption and support of safe and effective ESD\/POEM techniques.<\/p>\n<p>Thus, it is intended that delegates will gain the basic skills and confidence to initiate an ESD and POEM service in their own hospital.<\/p>\n","buton_yazi_g":"Register Now","buton_link_g":"https:\/\/tgd.org.tr\/register-now\/","aktif_yazisi":"Application Received","pasif_yazisi":"Application Not Accepted","buton_yazi_i":"Register Now","buton_link_i":"https:\/\/tgd.org.tr\/register-now\/","galeri_baslik":"Gallery","baslik_1":"ESD\/POEM Academy","baslik_2":"18-19 May 2024 Istanbul","buton_yazi":"Register Now","buton_link":"https:\/\/tgd.org.tr\/register-now\/"},"yoast_head":"<!-- This site is optimized with the Yoast SEO plugin v27.4 - https:\/\/yoast.com\/product\/yoast-seo-wordpress\/ -->\n<title>ESD\/POEM Academy - TGD<\/title>\n<meta name=\"description\" content=\"Today, third space endoscopy has become a technique that is becoming more and more widespread globally. Living tissues are one of the best models for learning third space endoscopy.\" \/>\n<meta name=\"robots\" content=\"index, follow, max-snippet:-1, max-image-preview:large, max-video-preview:-1\" \/>\n<link rel=\"canonical\" href=\"https:\/\/tgd.org.tr\/en\/esd-poem-academy\/\" \/>\n<meta property=\"og:locale\" content=\"en_US\" \/>\n<meta property=\"og:type\" content=\"article\" \/>\n<meta property=\"og:title\" content=\"ESD\/POEM Academy - TGD\" \/>\n<meta property=\"og:description\" content=\"Today, third space endoscopy has become a technique that is becoming more and more widespread globally. Living tissues are one of the best models for learning third space endoscopy.\" \/>\n<meta property=\"og:url\" content=\"https:\/\/tgd.org.tr\/en\/esd-poem-academy\/\" \/>\n<meta property=\"og:site_name\" content=\"TGD\" \/>\n<meta property=\"article:modified_time\" content=\"2026-04-23T21:05:17+00:00\" \/>\n<meta name=\"twitter:card\" content=\"summary_large_image\" \/>\n<script type=\"application\/ld+json\" class=\"yoast-schema-graph\">{\"@context\":\"https:\\\/\\\/schema.org\",\"@graph\":[{\"@type\":\"WebPage\",\"@id\":\"https:\\\/\\\/tgd.org.tr\\\/en\\\/esd-poem-academy\\\/\",\"url\":\"https:\\\/\\\/tgd.org.tr\\\/en\\\/esd-poem-academy\\\/\",\"name\":\"ESD\\\/POEM Academy - TGD\",\"isPartOf\":{\"@id\":\"https:\\\/\\\/tgd.org.tr\\\/#website\"},\"datePublished\":\"2022-11-14T09:55:13+00:00\",\"dateModified\":\"2026-04-23T21:05:17+00:00\",\"description\":\"Today, third space endoscopy has become a technique that is becoming more and more widespread globally. Living tissues are one of the best models for learning third space endoscopy.\",\"breadcrumb\":{\"@id\":\"https:\\\/\\\/tgd.org.tr\\\/en\\\/esd-poem-academy\\\/#breadcrumb\"},\"inLanguage\":\"en-US\",\"potentialAction\":[{\"@type\":\"ReadAction\",\"target\":[\"https:\\\/\\\/tgd.org.tr\\\/en\\\/esd-poem-academy\\\/\"]}]},{\"@type\":\"BreadcrumbList\",\"@id\":\"https:\\\/\\\/tgd.org.tr\\\/en\\\/esd-poem-academy\\\/#breadcrumb\",\"itemListElement\":[{\"@type\":\"ListItem\",\"position\":1,\"name\":\"Homepage\",\"item\":\"https:\\\/\\\/tgd.org.tr\\\/en\\\/homepage\\\/\"},{\"@type\":\"ListItem\",\"position\":2,\"name\":\"ESD\\\/POEM Academy\"}]},{\"@type\":\"WebSite\",\"@id\":\"https:\\\/\\\/tgd.org.tr\\\/#website\",\"url\":\"https:\\\/\\\/tgd.org.tr\\\/\",\"name\":\"TGD\",\"description\":\"\",\"potentialAction\":[{\"@type\":\"SearchAction\",\"target\":{\"@type\":\"EntryPoint\",\"urlTemplate\":\"https:\\\/\\\/tgd.org.tr\\\/?s={search_term_string}\"},\"query-input\":{\"@type\":\"PropertyValueSpecification\",\"valueRequired\":true,\"valueName\":\"search_term_string\"}}],\"inLanguage\":\"en-US\"}]}<\/script>\n<!-- \/ Yoast SEO plugin. -->","yoast_head_json":{"title":"ESD\/POEM Academy - TGD","description":"Today, third space endoscopy has become a technique that is becoming more and more widespread globally. Living tissues are one of the best models for learning third space endoscopy.","robots":{"index":"index","follow":"follow","max-snippet":"max-snippet:-1","max-image-preview":"max-image-preview:large","max-video-preview":"max-video-preview:-1"},"canonical":"https:\/\/tgd.org.tr\/en\/esd-poem-academy\/","og_locale":"en_US","og_type":"article","og_title":"ESD\/POEM Academy - TGD","og_description":"Today, third space endoscopy has become a technique that is becoming more and more widespread globally. Living tissues are one of the best models for learning third space endoscopy.","og_url":"https:\/\/tgd.org.tr\/en\/esd-poem-academy\/","og_site_name":"TGD","article_modified_time":"2026-04-23T21:05:17+00:00","twitter_card":"summary_large_image","schema":{"@context":"https:\/\/schema.org","@graph":[{"@type":"WebPage","@id":"https:\/\/tgd.org.tr\/en\/esd-poem-academy\/","url":"https:\/\/tgd.org.tr\/en\/esd-poem-academy\/","name":"ESD\/POEM Academy - TGD","isPartOf":{"@id":"https:\/\/tgd.org.tr\/#website"},"datePublished":"2022-11-14T09:55:13+00:00","dateModified":"2026-04-23T21:05:17+00:00","description":"Today, third space endoscopy has become a technique that is becoming more and more widespread globally. Living tissues are one of the best models for learning third space endoscopy.","breadcrumb":{"@id":"https:\/\/tgd.org.tr\/en\/esd-poem-academy\/#breadcrumb"},"inLanguage":"en-US","potentialAction":[{"@type":"ReadAction","target":["https:\/\/tgd.org.tr\/en\/esd-poem-academy\/"]}]},{"@type":"BreadcrumbList","@id":"https:\/\/tgd.org.tr\/en\/esd-poem-academy\/#breadcrumb","itemListElement":[{"@type":"ListItem","position":1,"name":"Homepage","item":"https:\/\/tgd.org.tr\/en\/homepage\/"},{"@type":"ListItem","position":2,"name":"ESD\/POEM Academy"}]},{"@type":"WebSite","@id":"https:\/\/tgd.org.tr\/#website","url":"https:\/\/tgd.org.tr\/","name":"TGD","description":"","potentialAction":[{"@type":"SearchAction","target":{"@type":"EntryPoint","urlTemplate":"https:\/\/tgd.org.tr\/?s={search_term_string}"},"query-input":{"@type":"PropertyValueSpecification","valueRequired":true,"valueName":"search_term_string"}}],"inLanguage":"en-US"}]}},"_links":{"self":[{"href":"https:\/\/tgd.org.tr\/en\/wp-json\/wp\/v2\/pages\/7151","targetHints":{"allow":["GET"]}}],"collection":[{"href":"https:\/\/tgd.org.tr\/en\/wp-json\/wp\/v2\/pages"}],"about":[{"href":"https:\/\/tgd.org.tr\/en\/wp-json\/wp\/v2\/types\/page"}],"author":[{"embeddable":true,"href":"https:\/\/tgd.org.tr\/en\/wp-json\/wp\/v2\/users\/1"}],"replies":[{"embeddable":true,"href":"https:\/\/tgd.org.tr\/en\/wp-json\/wp\/v2\/comments?post=7151"}],"version-history":[{"count":1,"href":"https:\/\/tgd.org.tr\/en\/wp-json\/wp\/v2\/pages\/7151\/revisions"}],"predecessor-version":[{"id":7281,"href":"https:\/\/tgd.org.tr\/en\/wp-json\/wp\/v2\/pages\/7151\/revisions\/7281"}],"wp:attachment":[{"href":"https:\/\/tgd.org.tr\/en\/wp-json\/wp\/v2\/media?parent=7151"}],"curies":[{"name":"wp","href":"https:\/\/api.w.org\/{rel}","templated":true}]}}