{"id":7155,"date":"2022-07-03T23:34:32","date_gmt":"2022-07-03T20:34:32","guid":{"rendered":"https:\/\/tgd.org.tr\/homepage\/"},"modified":"2026-04-24T02:30:44","modified_gmt":"2026-04-23T23:30:44","slug":"homepage","status":"publish","type":"page","link":"https:\/\/tgd.org.tr\/en\/","title":{"rendered":"Homepage"},"content":{"rendered":"","protected":false},"excerpt":{"rendered":"","protected":false},"author":1,"featured_media":0,"parent":0,"menu_order":1,"comment_status":"closed","ping_status":"closed","template":"page-home.php","meta":{"_acf_changed":false,"inline_featured_image":false,"footnotes":""},"class_list":["post-7155","page","type-page","status-publish","hentry"],"acf":{"sayilar":[{"link":"https:\/\/tgd.org.tr\/en\/establishment\/","gorsel":"https:\/\/tgd.org.tr\/wp-content\/uploads\/2022\/07\/icon-star.svg","sayi":"66th Year","baslik":"TGD was founded on May 8, 1959, by our esteemed late professor Prof. Dr. Zafer Payko\u00e7 and our elders."},{"link":"https:\/\/tgd.org.tr\/en\/board-of-directors\/","gorsel":"https:\/\/tgd.org.tr\/wp-content\/uploads\/2022\/07\/icon-star-user.svg","sayi":"21st Board of Directors","baslik":"Since its establishment, the relay race has continued with the 21st board of directors.  "},{"link":"https:\/\/tgd.org.tr\/en\/establishment\/","gorsel":"https:\/\/tgd.org.tr\/wp-content\/uploads\/2022\/08\/doktor.svg","sayi":"1100 Member Doctors","baslik":"It is Turkey's largest and most established national specialty association in the field of gastroenterology."},{"link":"https:\/\/tgd.org.tr\/en\/working-groups\/","gorsel":"https:\/\/tgd.org.tr\/wp-content\/uploads\/2022\/08\/work.svg","sayi":"11 Working Groups","baslik":"It conducts group studies with highly valuable expert doctors in their fields."}],"slide_kutu_1":[{"link":"https:\/\/ueg.eu\/","gorsel":"https:\/\/tgd.org.tr\/wp-content\/uploads\/2022\/08\/logo_1.jpg","baslik":"United European Gastroenterology (UEG)","aciklama":"TGD has been a regional and strategic partner of United European Gastroenterology (UEG) for many years. Collaboration is provided in many areas, including the \"UEG Mistake\" error series translations. ","link_metin":"Visit"},{"link":"https:\/\/www.worldgastroenterology.org\/","gorsel":"https:\/\/tgd.org.tr\/wp-content\/uploads\/2022\/08\/logo_4.jpg","baslik":"World Gastroenterology Organisation (WGO)","aciklama":"TGD has been a participant in WGO organizations for many years. It hosted this organization as WCOG Istanbul in 2019. ","link_metin":"Visit"}],"slide_kutu_2":[{"link":"https:\/\/www.endohem.com\/","gorsel":"https:\/\/tgd.org.tr\/wp-content\/uploads\/2022\/08\/logo_5.jpg","baslik":"Gastrointestinal Endoscopy Nurses and Technicians Association","aciklama":"","link_metin":"Visit"},{"link":"https:\/\/ged-der.org\/tr\/","gorsel":"https:\/\/tgd.org.tr\/wp-content\/uploads\/2022\/08\/logo_6.jpg","baslik":"Gastrointestinal Endoscopy Association","aciklama":"","link_metin":"Visit"},{"link":"http:\/\/www.ibhd.org.tr\/","gorsel":"https:\/\/tgd.org.tr\/wp-content\/uploads\/2022\/08\/logo_7.jpg","baslik":"Inflammatory Bowel Diseases Association","aciklama":"","link_metin":"Visit"},{"link":"http:\/\/www.tkad.org.tr\/","gorsel":"https:\/\/tgd.org.tr\/wp-content\/uploads\/2022\/08\/logo_8.jpg","baslik":"Turkish Liver Research Association","aciklama":"","link_metin":"Visit"},{"link":"https:\/\/probiyotikdernegi.org.tr\/tr\/","gorsel":"https:\/\/tgd.org.tr\/wp-content\/uploads\/2022\/08\/logo_9.jpg","baslik":"Probiotic Prebiotic Association","aciklama":"","link_metin":"Visit"},{"link":"https:\/\/pedgastro.org\/","gorsel":"https:\/\/tgd.org.tr\/wp-content\/uploads\/2022\/08\/logo_10.jpg","baslik":"Turkish Pediatric Gastroenterology, Hepatology and Nutrition Association","aciklama":"","link_metin":"Visit"},{"link":"https:\/\/gastroenterolojicerrahisi.org\/","gorsel":"https:\/\/tgd.org.tr\/wp-content\/uploads\/2022\/08\/logo_11.jpg","baslik":"Gastroenterological Surgery Association","aciklama":"","link_metin":"Visit"}],"kutu_1_gorsel":"https:\/\/tgd.org.tr\/wp-content\/uploads\/2022\/08\/avukat.jpg","kutu_2_gorsel":"https:\/\/tgd.org.tr\/wp-content\/uploads\/2022\/07\/consent-forms-image.jpg","mobil_uygulama":"https:\/\/tgd.org.tr\/wp-content\/uploads\/2022\/07\/application-image.png","appstore":"https:\/\/tgd.org.tr\/wp-content\/uploads\/2022\/07\/icon-appstore.svg","googleplay":"https:\/\/tgd.org.tr\/wp-content\/uploads\/2022\/07\/icon-googleplay.svg","baslik":"Get to Know TGD by Numbers","aciklama":"<p>Since its establishment, TGD has achieved many firsts, growing with confidence and transparency.<\/p>\n","calisma_baslik":"TGD Working Groups","calisma_yil":"2026-2027","calisma_aciklama":"In its new period, TGD conducts group studies with highly valuable expert doctors in their fields.","banner_baslik":"Discover the Branches of T\u00fcrk Gastroenteroloji Derne\u011fi","banner_aciklama":"T\u00fcrk Gastroenteroloji Derne\u011fi has 8 branches in various provinces of Turkey. Each branch conducts scientific activities in accordance with its bylaws. ","banner_link":"https:\/\/tgd.org.tr\/en\/branches\/","banner_link_metin":"Details","slide_kutu_1_baslik":"Organizations Collaborating with TGD","slide_kutu_2_baslik":"TGD's Collaborators","kutu_1_link":"https:\/\/tgd.org.tr\/en\/ask-a-lawyer\/","kutu_1_link_metin":"Learn More","kutu_1_baslik":"Ask a Lawyer ","kutu_1_aciklama":"<p>When our association members wish to receive professional legal assistance, they can contact our lawyer, Atty. Aydan Z\u00fcmral \u00c7ankaya. <\/p>\n","kutu_2_link":"https:\/\/tgd.org.tr\/en\/consent-forms\/","kutu_2_link_metin":"Learn More","kutu_2_baslik":"Consent Forms","kutu_2_aciklama":"<p>In the busy environments of services, using separate informed consent forms created for each procedure can be one of the easiest methods to inform your patients before the intervention.<\/p>\n","mobil_uygulama_baslik_1":"T\u00fcrk Gastroenteroloji Derne\u011fi","mobil_uygulama_baslik_2":"Download Mobile Apps Now!","mobil_uygulama_aciklama":"All events, announcements, and more about TGD are in your pocket. Mobile applications that you can download to your iPhone or Android devices are now available, download them immediately! ","appstore_link":"https:\/\/apps.apple.com\/tr\/app\/t%C3%BCrk-gastroenteroloji-derne%C4%9Fi\/id6450225873?l=tr","googleplay_link":"https:\/\/play.google.com\/store\/apps\/details?id=com.cdh.tgd&hl=tr&gl=US","slider":[{"gorsel":"https:\/\/tgd.org.tr\/wp-content\/uploads\/2026\/04\/x2_e.jpg","mobil_gorsel":"https:\/\/tgd.org.tr\/wp-content\/uploads\/2026\/04\/x1_e.jpg","link":"","yeni_sekme":true},{"gorsel":"https:\/\/tgd.org.tr\/wp-content\/uploads\/2026\/04\/f_1.jpg","mobil_gorsel":"https:\/\/tgd.org.tr\/wp-content\/uploads\/2026\/04\/f_2.jpg","link":"https:\/\/gasyek.org\/akredite-olan-kurumlar\/","yeni_sekme":true},{"gorsel":"https:\/\/tgd.org.tr\/wp-content\/uploads\/2026\/04\/v1_s.jpg","mobil_gorsel":"https:\/\/tgd.org.tr\/wp-content\/uploads\/2026\/04\/v_2.jpg","link":"https:\/\/gasyek.org\/gastroenteroloji-tipta-uzmanlik-yeterlik-kurulu-2026-2028-donemi-yeterlik-yurutme-kurulu-secimine-davetlisiniz\/","yeni_sekme":true},{"gorsel":"https:\/\/tgd.org.tr\/wp-content\/uploads\/2026\/03\/z1.jpg","mobil_gorsel":"https:\/\/tgd.org.tr\/wp-content\/uploads\/2026\/03\/z2.jpg","link":"https:\/\/gasyek.org\/yeni-donem-2026-kurumsal-akreditasyon-programi-basvurulari-basladi\/","yeni_sekme":false}]},"yoast_head":"<!-- This site is optimized with the Yoast SEO plugin v27.4 - https:\/\/yoast.com\/product\/yoast-seo-wordpress\/ -->\n<title>T\u00fcrk Gastroenteroloji Derne\u011fi \/ TGD<\/title>\n<meta name=\"description\" content=\"T\u00fcrk Gastroenteroloji Derne\u011fi was founded on May 8, 1959, by our esteemed late professor Prof. Dr. Zafer Payko\u00e7, whom we remember with mercy today, and our elders.\" \/>\n<meta name=\"robots\" content=\"index, follow, max-snippet:-1, max-image-preview:large, max-video-preview:-1\" \/>\n<link rel=\"canonical\" href=\"https:\/\/tgd.org.tr\/en\/homepage\/\" \/>\n<meta property=\"og:locale\" content=\"en_US\" \/>\n<meta property=\"og:type\" content=\"article\" \/>\n<meta property=\"og:title\" content=\"T\u00fcrk Gastroenteroloji Derne\u011fi \/ TGD\" \/>\n<meta property=\"og:description\" content=\"T\u00fcrk Gastroenteroloji Derne\u011fi was founded on May 8, 1959, by our esteemed late professor Prof. Dr. Zafer Payko\u00e7, whom we remember with mercy today, and our elders.\" \/>\n<meta property=\"og:url\" content=\"https:\/\/tgd.org.tr\/en\/homepage\/\" \/>\n<meta property=\"og:site_name\" content=\"TGD\" \/>\n<meta property=\"article:modified_time\" content=\"2026-04-23T23:30:44+00:00\" \/>\n<meta name=\"twitter:card\" content=\"summary_large_image\" \/>\n<script type=\"application\/ld+json\" class=\"yoast-schema-graph\">{\"@context\":\"https:\\\/\\\/schema.org\",\"@graph\":[{\"@type\":\"WebPage\",\"@id\":\"https:\\\/\\\/tgd.org.tr\\\/en\\\/homepage\\\/\",\"url\":\"https:\\\/\\\/tgd.org.tr\\\/en\\\/homepage\\\/\",\"name\":\"T\u00fcrk Gastroenteroloji Derne\u011fi \\\/ TGD\",\"isPartOf\":{\"@id\":\"https:\\\/\\\/tgd.org.tr\\\/#website\"},\"datePublished\":\"2022-07-03T20:34:32+00:00\",\"dateModified\":\"2026-04-23T23:30:44+00:00\",\"description\":\"T\u00fcrk Gastroenteroloji Derne\u011fi was founded on May 8, 1959, by our esteemed late professor Prof. Dr. Zafer Payko\u00e7, whom we remember with mercy today, and our elders.\",\"breadcrumb\":{\"@id\":\"https:\\\/\\\/tgd.org.tr\\\/en\\\/homepage\\\/#breadcrumb\"},\"inLanguage\":\"en-US\",\"potentialAction\":[{\"@type\":\"ReadAction\",\"target\":[\"https:\\\/\\\/tgd.org.tr\\\/en\\\/homepage\\\/\"]}]},{\"@type\":\"BreadcrumbList\",\"@id\":\"https:\\\/\\\/tgd.org.tr\\\/en\\\/homepage\\\/#breadcrumb\",\"itemListElement\":[{\"@type\":\"ListItem\",\"position\":1,\"name\":\"Homepage\",\"item\":\"https:\\\/\\\/tgd.org.tr\\\/en\\\/homepage\\\/\"},{\"@type\":\"ListItem\",\"position\":2,\"name\":\"Homepage\"}]},{\"@type\":\"WebSite\",\"@id\":\"https:\\\/\\\/tgd.org.tr\\\/#website\",\"url\":\"https:\\\/\\\/tgd.org.tr\\\/\",\"name\":\"TGD\",\"description\":\"\",\"potentialAction\":[{\"@type\":\"SearchAction\",\"target\":{\"@type\":\"EntryPoint\",\"urlTemplate\":\"https:\\\/\\\/tgd.org.tr\\\/?s={search_term_string}\"},\"query-input\":{\"@type\":\"PropertyValueSpecification\",\"valueRequired\":true,\"valueName\":\"search_term_string\"}}],\"inLanguage\":\"en-US\"}]}<\/script>\n<!-- \/ Yoast SEO plugin. -->","yoast_head_json":{"title":"T\u00fcrk Gastroenteroloji Derne\u011fi \/ TGD","description":"T\u00fcrk Gastroenteroloji Derne\u011fi was founded on May 8, 1959, by our esteemed late professor Prof. Dr. Zafer Payko\u00e7, whom we remember with mercy today, and our elders.","robots":{"index":"index","follow":"follow","max-snippet":"max-snippet:-1","max-image-preview":"max-image-preview:large","max-video-preview":"max-video-preview:-1"},"canonical":"https:\/\/tgd.org.tr\/en\/homepage\/","og_locale":"en_US","og_type":"article","og_title":"T\u00fcrk Gastroenteroloji Derne\u011fi \/ TGD","og_description":"T\u00fcrk Gastroenteroloji Derne\u011fi was founded on May 8, 1959, by our esteemed late professor Prof. Dr. Zafer Payko\u00e7, whom we remember with mercy today, and our elders.","og_url":"https:\/\/tgd.org.tr\/en\/homepage\/","og_site_name":"TGD","article_modified_time":"2026-04-23T23:30:44+00:00","twitter_card":"summary_large_image","schema":{"@context":"https:\/\/schema.org","@graph":[{"@type":"WebPage","@id":"https:\/\/tgd.org.tr\/en\/homepage\/","url":"https:\/\/tgd.org.tr\/en\/homepage\/","name":"T\u00fcrk Gastroenteroloji Derne\u011fi \/ TGD","isPartOf":{"@id":"https:\/\/tgd.org.tr\/#website"},"datePublished":"2022-07-03T20:34:32+00:00","dateModified":"2026-04-23T23:30:44+00:00","description":"T\u00fcrk Gastroenteroloji Derne\u011fi was founded on May 8, 1959, by our esteemed late professor Prof. Dr. Zafer Payko\u00e7, whom we remember with mercy today, and our elders.","breadcrumb":{"@id":"https:\/\/tgd.org.tr\/en\/homepage\/#breadcrumb"},"inLanguage":"en-US","potentialAction":[{"@type":"ReadAction","target":["https:\/\/tgd.org.tr\/en\/homepage\/"]}]},{"@type":"BreadcrumbList","@id":"https:\/\/tgd.org.tr\/en\/homepage\/#breadcrumb","itemListElement":[{"@type":"ListItem","position":1,"name":"Homepage","item":"https:\/\/tgd.org.tr\/en\/homepage\/"},{"@type":"ListItem","position":2,"name":"Homepage"}]},{"@type":"WebSite","@id":"https:\/\/tgd.org.tr\/#website","url":"https:\/\/tgd.org.tr\/","name":"TGD","description":"","potentialAction":[{"@type":"SearchAction","target":{"@type":"EntryPoint","urlTemplate":"https:\/\/tgd.org.tr\/?s={search_term_string}"},"query-input":{"@type":"PropertyValueSpecification","valueRequired":true,"valueName":"search_term_string"}}],"inLanguage":"en-US"}]}},"_links":{"self":[{"href":"https:\/\/tgd.org.tr\/en\/wp-json\/wp\/v2\/pages\/7155","targetHints":{"allow":["GET"]}}],"collection":[{"href":"https:\/\/tgd.org.tr\/en\/wp-json\/wp\/v2\/pages"}],"about":[{"href":"https:\/\/tgd.org.tr\/en\/wp-json\/wp\/v2\/types\/page"}],"author":[{"embeddable":true,"href":"https:\/\/tgd.org.tr\/en\/wp-json\/wp\/v2\/users\/1"}],"replies":[{"embeddable":true,"href":"https:\/\/tgd.org.tr\/en\/wp-json\/wp\/v2\/comments?post=7155"}],"version-history":[{"count":3,"href":"https:\/\/tgd.org.tr\/en\/wp-json\/wp\/v2\/pages\/7155\/revisions"}],"predecessor-version":[{"id":7374,"href":"https:\/\/tgd.org.tr\/en\/wp-json\/wp\/v2\/pages\/7155\/revisions\/7374"}],"wp:attachment":[{"href":"https:\/\/tgd.org.tr\/en\/wp-json\/wp\/v2\/media?parent=7155"}],"curies":[{"name":"wp","href":"https:\/\/api.w.org\/{rel}","templated":true}]}}