{"id":7177,"date":"2022-06-30T11:48:12","date_gmt":"2022-06-30T08:48:12","guid":{"rendered":"https:\/\/tgd.org.tr\/working-groups\/"},"modified":"2026-04-24T00:04:44","modified_gmt":"2026-04-23T21:04:44","slug":"working-groups","status":"publish","type":"page","link":"https:\/\/tgd.org.tr\/en\/working-groups\/","title":{"rendered":"Working Groups"},"content":{"rendered":"<p>\u201cThe executive boards of our working groups listed below were constituted by election at the 42nd UGH 2025 Congress.\u201d<\/p>\n","protected":false},"excerpt":{"rendered":"<p>\u201cThe executive boards of our working groups listed below were constituted by election at the 42nd UGH 2025 Congress.\u201d<\/p>\n","protected":false},"author":1,"featured_media":0,"parent":0,"menu_order":30,"comment_status":"closed","ping_status":"closed","template":"page-calismagrup.php","meta":{"_acf_changed":false,"inline_featured_image":false,"footnotes":""},"class_list":["post-7177","page","type-page","status-publish","hentry"],"acf":{"gruplar":[{"baslik":"ERCP Working Group","uyeler":[{"unvan":"President:","isim":"Bahattin \u00c7i\u00e7ek"},{"unvan":"Secretary:","isim":"Ahmet Tar\u0131k Eminler"},{"unvan":"Member:","isim":"Sel\u00e7uk Di\u015fibeyaz"},{"unvan":"Member:","isim":"Erkan Parlak"},{"unvan":"Member:","isim":"Genco Gen\u00e7dal"}]},{"baslik":"ESD-EMR-POEM Working Group","uyeler":[{"unvan":"President:","isim":"Fatih Aslan"},{"unvan":"Secretary:","isim":"S\u00fcleyman G\u00fcnay"},{"unvan":"Member:","isim":"Erkin \u00d6zta\u015f"},{"unvan":"Member:","isim":"Fatih Aslan"},{"unvan":"Member:","isim":"Mehmet \u0130bi\u015f"},{"unvan":"Member:","isim":"Bilal Erg\u00fcl"},{"unvan":"Member:","isim":"Sezgin Vatansever"}]},{"baslik":"EUS Working Group","uyeler":[{"unvan":"President:","isim":"Mehmet Bekta\u015f"},{"unvan":"Secretary:","isim":"Salih Tokmak"},{"unvan":"Member:","isim":"H\u00fcseyin Ataseven"},{"unvan":"Member:","isim":"Deniz Duman"},{"unvan":"Member:","isim":"Sezgin Barut\u00e7u"}]},{"baslik":"Genetic Rare Diseases Working Group","uyeler":[{"unvan":"President:","isim":"Murat Alada\u011f"},{"unvan":"Secretary:","isim":"Mustafa Tahtac\u0131"},{"unvan":"Member:","isim":"\u0130lker \u015een"},{"unvan":"Member:","isim":"Mesut Akarsu"},{"unvan":"Member:","isim":"Taylan Kav"}]},{"baslik":"Colorectal Cancer Working Group","uyeler":[{"unvan":"President:","isim":"Erdem Akbal"},{"unvan":"Secretary:","isim":"Dilek Tucer"},{"unvan":"Member:","isim":"Levent Erdem"},{"unvan":"Member:","isim":"Birol Baysal"},{"unvan":"Member:","isim":"Nimet Y\u0131lmaz"}]},{"baslik":"Pancreas Working Group","uyeler":[{"unvan":"President:","isim":"M\u00fcjde Soyt\u00fcrk"},{"unvan":"Secretary:","isim":"G\u00f6ksel Bengi"},{"unvan":"Member:","isim":"Orhan Sezgin"},{"unvan":"Member:","isim":"Deniz Ko\u00e7"},{"unvan":"Member:","isim":"Ayd\u0131n \u015eeref K\u00f6ksal"}]},{"baslik":"Women Gastroenterologists Working Group","uyeler":[{"unvan":"President:","isim":"Z\u00fcleyha \u00c7etinkaya Akkan"},{"unvan":"Vice Chair: ","isim":"\u00d6zdal Ersoy"},{"unvan":"Secretary:","isim":"\u015eule Naml\u0131 Ko\u00e7"}]},{"baslik":"Young Gastroenterologists Working Group","uyeler":[{"unvan":"President:","isim":"\u00c7a\u011flayan Keklikk\u0131ran"},{"unvan":"Secretary:","isim":"Yavuz \u00d6zden"},{"unvan":"Member:","isim":"Hasan Eruzun"},{"unvan":"Member:","isim":"Rasim Eren Cankurtaran"},{"unvan":"Member:","isim":"Kenan Ko\u015far"},{"unvan":"Member:","isim":"Se\u00e7kin \u00d6zg\u00fcl"}]},{"baslik":"Obesity Working Group","uyeler":[{"unvan":"President:","isim":"Bur\u00e7ak Kayhan"},{"unvan":"Secretary:","isim":"\u0130lker \u015een"},{"unvan":"Member:","isim":"Mustafa Tahtac\u0131"},{"unvan":"Member:","isim":"G\u00f6zde Dervi\u015f Hakim"},{"unvan":"Member:","isim":"Tarkan Karakan"}]},{"baslik":"Nutrition Working Group ","uyeler":[{"unvan":"President:","isim":"Hale Akp\u0131nar"},{"unvan":"Vice Chair: ","isim":"Nevin Oru\u00e7"},{"unvan":"Secretary:","isim":"G\u00f6zde Dervi\u015f Hakim"},{"unvan":"Member:","isim":"Z\u00fcleyha Akkan \u00c7etinkaya"},{"unvan":"Member:","isim":"Genco Gen\u00e7dal"}]},{"baslik":"Artificial Intelligence Working Group","uyeler":[{"unvan":"President:","isim":"Erdem Akbal"},{"unvan":"Secretary:","isim":"Selim Aydemir"},{"unvan":"Member:","isim":"Ramazan Erdem Er"},{"unvan":"Member:","isim":"Yavuz \u00d6zden"},{"unvan":"Member:","isim":"Cem \u015eim\u015fek"}]}],"yil":"(2026-2027)"},"yoast_head":"<!-- This site is optimized with the Yoast SEO plugin v27.4 - https:\/\/yoast.com\/product\/yoast-seo-wordpress\/ -->\n<title>Working Groups - TGD<\/title>\n<meta name=\"description\" content=\"Our working groups established within Gastroenterology and their executive board members.\" \/>\n<meta name=\"robots\" content=\"index, follow, max-snippet:-1, max-image-preview:large, max-video-preview:-1\" \/>\n<link rel=\"canonical\" href=\"https:\/\/tgd.org.tr\/en\/working-groups\/\" \/>\n<meta property=\"og:locale\" content=\"en_US\" \/>\n<meta property=\"og:type\" content=\"article\" \/>\n<meta property=\"og:title\" content=\"Working Groups - TGD\" \/>\n<meta property=\"og:description\" content=\"Our working groups established within Gastroenterology and their executive board members.\" \/>\n<meta property=\"og:url\" content=\"https:\/\/tgd.org.tr\/en\/working-groups\/\" \/>\n<meta property=\"og:site_name\" content=\"TGD\" \/>\n<meta property=\"article:modified_time\" content=\"2026-04-23T21:04:44+00:00\" \/>\n<meta name=\"twitter:card\" content=\"summary_large_image\" \/>\n<script type=\"application\/ld+json\" class=\"yoast-schema-graph\">{\"@context\":\"https:\\\/\\\/schema.org\",\"@graph\":[{\"@type\":\"WebPage\",\"@id\":\"https:\\\/\\\/tgd.org.tr\\\/en\\\/working-groups\\\/\",\"url\":\"https:\\\/\\\/tgd.org.tr\\\/en\\\/working-groups\\\/\",\"name\":\"Working Groups - TGD\",\"isPartOf\":{\"@id\":\"https:\\\/\\\/tgd.org.tr\\\/#website\"},\"datePublished\":\"2022-06-30T08:48:12+00:00\",\"dateModified\":\"2026-04-23T21:04:44+00:00\",\"description\":\"Our working groups established within Gastroenterology and their executive board members.\",\"breadcrumb\":{\"@id\":\"https:\\\/\\\/tgd.org.tr\\\/en\\\/working-groups\\\/#breadcrumb\"},\"inLanguage\":\"en-US\",\"potentialAction\":[{\"@type\":\"ReadAction\",\"target\":[\"https:\\\/\\\/tgd.org.tr\\\/en\\\/working-groups\\\/\"]}]},{\"@type\":\"BreadcrumbList\",\"@id\":\"https:\\\/\\\/tgd.org.tr\\\/en\\\/working-groups\\\/#breadcrumb\",\"itemListElement\":[{\"@type\":\"ListItem\",\"position\":1,\"name\":\"Homepage\",\"item\":\"https:\\\/\\\/tgd.org.tr\\\/en\\\/homepage\\\/\"},{\"@type\":\"ListItem\",\"position\":2,\"name\":\"Working Groups\"}]},{\"@type\":\"WebSite\",\"@id\":\"https:\\\/\\\/tgd.org.tr\\\/#website\",\"url\":\"https:\\\/\\\/tgd.org.tr\\\/\",\"name\":\"TGD\",\"description\":\"\",\"potentialAction\":[{\"@type\":\"SearchAction\",\"target\":{\"@type\":\"EntryPoint\",\"urlTemplate\":\"https:\\\/\\\/tgd.org.tr\\\/?s={search_term_string}\"},\"query-input\":{\"@type\":\"PropertyValueSpecification\",\"valueRequired\":true,\"valueName\":\"search_term_string\"}}],\"inLanguage\":\"en-US\"}]}<\/script>\n<!-- \/ Yoast SEO plugin. -->","yoast_head_json":{"title":"Working Groups - TGD","description":"Our working groups established within Gastroenterology and their executive board members.","robots":{"index":"index","follow":"follow","max-snippet":"max-snippet:-1","max-image-preview":"max-image-preview:large","max-video-preview":"max-video-preview:-1"},"canonical":"https:\/\/tgd.org.tr\/en\/working-groups\/","og_locale":"en_US","og_type":"article","og_title":"Working Groups - TGD","og_description":"Our working groups established within Gastroenterology and their executive board members.","og_url":"https:\/\/tgd.org.tr\/en\/working-groups\/","og_site_name":"TGD","article_modified_time":"2026-04-23T21:04:44+00:00","twitter_card":"summary_large_image","schema":{"@context":"https:\/\/schema.org","@graph":[{"@type":"WebPage","@id":"https:\/\/tgd.org.tr\/en\/working-groups\/","url":"https:\/\/tgd.org.tr\/en\/working-groups\/","name":"Working Groups - TGD","isPartOf":{"@id":"https:\/\/tgd.org.tr\/#website"},"datePublished":"2022-06-30T08:48:12+00:00","dateModified":"2026-04-23T21:04:44+00:00","description":"Our working groups established within Gastroenterology and their executive board members.","breadcrumb":{"@id":"https:\/\/tgd.org.tr\/en\/working-groups\/#breadcrumb"},"inLanguage":"en-US","potentialAction":[{"@type":"ReadAction","target":["https:\/\/tgd.org.tr\/en\/working-groups\/"]}]},{"@type":"BreadcrumbList","@id":"https:\/\/tgd.org.tr\/en\/working-groups\/#breadcrumb","itemListElement":[{"@type":"ListItem","position":1,"name":"Homepage","item":"https:\/\/tgd.org.tr\/en\/homepage\/"},{"@type":"ListItem","position":2,"name":"Working Groups"}]},{"@type":"WebSite","@id":"https:\/\/tgd.org.tr\/#website","url":"https:\/\/tgd.org.tr\/","name":"TGD","description":"","potentialAction":[{"@type":"SearchAction","target":{"@type":"EntryPoint","urlTemplate":"https:\/\/tgd.org.tr\/?s={search_term_string}"},"query-input":{"@type":"PropertyValueSpecification","valueRequired":true,"valueName":"search_term_string"}}],"inLanguage":"en-US"}]}},"_links":{"self":[{"href":"https:\/\/tgd.org.tr\/en\/wp-json\/wp\/v2\/pages\/7177","targetHints":{"allow":["GET"]}}],"collection":[{"href":"https:\/\/tgd.org.tr\/en\/wp-json\/wp\/v2\/pages"}],"about":[{"href":"https:\/\/tgd.org.tr\/en\/wp-json\/wp\/v2\/types\/page"}],"author":[{"embeddable":true,"href":"https:\/\/tgd.org.tr\/en\/wp-json\/wp\/v2\/users\/1"}],"replies":[{"embeddable":true,"href":"https:\/\/tgd.org.tr\/en\/wp-json\/wp\/v2\/comments?post=7177"}],"version-history":[{"count":1,"href":"https:\/\/tgd.org.tr\/en\/wp-json\/wp\/v2\/pages\/7177\/revisions"}],"predecessor-version":[{"id":7273,"href":"https:\/\/tgd.org.tr\/en\/wp-json\/wp\/v2\/pages\/7177\/revisions\/7273"}],"wp:attachment":[{"href":"https:\/\/tgd.org.tr\/en\/wp-json\/wp\/v2\/media?parent=7177"}],"curies":[{"name":"wp","href":"https:\/\/api.w.org\/{rel}","templated":true}]}}